{"id":1367,"date":"2021-01-21T09:52:04","date_gmt":"2021-01-21T09:52:04","guid":{"rendered":"https:\/\/www.startupoasis.co\/?page_id=1367"},"modified":"2021-01-21T09:52:05","modified_gmt":"2021-01-21T09:52:05","slug":"why-startup-oasis-developers-aspire","status":"publish","type":"page","link":"https:\/\/www.startupoasis.co\/fr\/why-startup-oasis-developers-aspire\/","title":{"rendered":"Pourquoi les d\u00e9veloppeurs de Startup Oasis aspirent."},"content":{"rendered":"<p>Un excellent partenariat cr\u00e9e une entreprise prosp\u00e8re. C'est pourquoi il est important que le <a href=\"https:\/\/www.startupoasis.co\/fr\/who-we-are\/\" target=\"_blank\" rel=\"noreferrer noopener\">l'\u00e9quipe avec laquelle vous souhaitez vous associer<\/a> comprend la m\u00eame mission que vous, et y veille. Cependant, le probl\u00e8me est qu'il est si facile de se renseigner sur l'entreprise, mais qu'il est plus difficile d'obtenir des d\u00e9tails sur les travailleurs (l'\u00e9quipe) et sur ce qu'ils pensent, en particulier sur ce qu'ils pensent du travail dans des entreprises en d\u00e9marrage comme la v\u00f4tre.<\/p>\n\n\n\n<p>StartupOasis est un \"bed and breakfast\" et une entreprise de d\u00e9veloppement\/conception tout-en-un permettant aux entrepreneurs de startups de faire \u00e9quipe avec des concepteurs et des d\u00e9veloppeurs passionn\u00e9s avec des installations tout-en-un. Ainsi, vous pouvez s\u00e9journer dans la villa, d\u00eener avec l'\u00e9quipe et travailler \u00e0 ses c\u00f4t\u00e9s. Cette id\u00e9e est rendue possible gr\u00e2ce \u00e0 l'excellent travail d'\u00e9quipe et au travail acharn\u00e9 des membres suivants :<\/p>\n\n\n\n<ul class=\"wp-block-list\"><li>Baptiste - Chef des op\u00e9rations<\/li><\/ul>\n\n\n\n<ul class=\"wp-block-list\"><li>Madz - Responsable du Web<\/li><\/ul>\n\n\n\n<ul class=\"wp-block-list\"><li>Ramil - Full stack Web et Mobile Jedi<\/li><\/ul>\n\n\n\n<ul class=\"wp-block-list\"><li>Rhusfer - iOS &amp; Android Mobile Jedi<\/li><\/ul>\n\n\n\n<ul class=\"wp-block-list\"><li>Gerald - Gourou des mobiles Windows et Android<\/li><\/ul>\n\n\n\n<ul class=\"wp-block-list\"><li>Rhea Mae - Gourou du PHP et de WordPress<\/li><\/ul>\n\n\n\n<ul class=\"wp-block-list\"><li>Joven - Gourou du PHP et de WordPress<\/li><\/ul>\n\n\n\n<ul class=\"wp-block-list\"><li>Vere - Gourou Python web full stack<\/li><\/ul>\n\n\n\n<ul class=\"wp-block-list\"><li>Jeff - Yoda du graphisme et de l'art<\/li><\/ul>\n\n\n\n<ul class=\"wp-block-list\"><li>Dale - Gourou de l'Android<\/li><\/ul>\n\n\n\n<ul class=\"wp-block-list\"><li>Rio - Gourou du Web<\/li><\/ul>\n\n\n\n<ul class=\"wp-block-list\"><li>Cleo - Gourou du Web<\/li><\/ul>\n\n\n\n<ul class=\"wp-block-list\"><li>Joseph - Gourou du Web<\/li><\/ul>\n\n\n\n<ul class=\"wp-block-list\"><li>Daisy Joy - Responsable du bonheur<\/li><\/ul>\n\n\n\n<ul class=\"wp-block-list\"><li>Lyn - Chef cuisinier<\/li><\/ul>\n\n\n\n<ul class=\"wp-block-list\"><li>Richard - Ma\u00eetre de stage en d\u00e9veloppement web<\/li><\/ul>\n\n\n\n<ul class=\"wp-block-list\"><li>Marian - Stagiaire en marketing<\/li><\/ul>\n\n\n\n<p>Dans Startup Oasis, nous nous sommes assis avec les entrepreneurs et les d\u00e9veloppeurs, et nous les avons interrog\u00e9s personnellement sur les choses qu'ils souhaitent lorsqu'il s'agit de collaborer avec des projets de startups. Il en ressort les points communs suivants :<\/p>\n\n\n\n<h2 class=\"wp-block-heading\">Travailler directement avec les consommateurs<\/h2>\n\n\n\n<p>Dans la plupart des secteurs, la pratique g\u00e9n\u00e9rale veut que les administrateurs soient ceux qui interagissent avec les clients et d\u00e9signent un d\u00e9veloppeur pour cette t\u00e2che. Ils le signalent \u00e0 la direction si les d\u00e9veloppeurs ont des probl\u00e8mes, car c'est la direction qui traite avec l'utilisateur. Pouvez-vous imaginer le temps que cela prend, sans parler des difficult\u00e9s de coordination qui peuvent survenir ?<\/p>\n\n\n\n<p><a href=\"https:\/\/www.startupoasis.co\/fr\/how-it-works\/\" target=\"_blank\" rel=\"noreferrer noopener\">Dans Startup Oasis<\/a>Dans le cas d'un projet, il est fourni \u00e0 un ou deux d\u00e9veloppeurs qui travaillent directement avec le client lorsqu'un projet est sign\u00e9. Cela sugg\u00e8re que les d\u00e9veloppeurs ont un contact \u00e9troit avec l'utilisateur et vice versa. Cela supprime le contact vertical qui prend du temps dans une grande entreprise et qu'il faut observer. Madz, l'un des premiers employ\u00e9s de l'entreprise et qui a travaill\u00e9 pendant environ 7 campagnes, a exprim\u00e9 qu'elle voulait avoir un contact direct avec le client afin que, lorsqu'elle a des questions, elle obtienne un retour d'information plus rapidement, ajoutant \u00e0 cela que lorsqu'il y a des p\u00e9pins, ils peuvent rapidement la contacter du c\u00f4t\u00e9 du client.<\/p>\n\n\n\n<p>Le fait de parler explicitement avec les consommateurs aide les d\u00e9veloppeurs \u00e0 conna\u00eetre r\u00e9ellement l'utilisateur et ce qu'il veut obtenir. Souvent, lorsque les informations sont transmises \u00e0 quelques personnes avant l'ex\u00e9cution, des erreurs sont commises. Ici, ce dilemme est \u00e9limin\u00e9. \"J'aime \u00eatre en contact direct avec les clients pour \u00e9viter les malentendus et pour que je puisse leur fournir ce qu'ils veulent vraiment\", a d\u00e9clar\u00e9 Dale, qui travaille actuellement avec Locabike (une application de location de v\u00e9los). En plus de Dale, Jeff a d\u00e9clar\u00e9 : \"Cela me permet de discuter correctement avec les clients et me laisse plus de temps pour travailler r\u00e9ellement sur ce qui a \u00e9t\u00e9 discut\u00e9.\"<\/p>\n\n\n\n<h2 class=\"wp-block-heading\">Large champ d'action<\/h2>\n\n\n\n<p>Les grandes entreprises recrutent des ing\u00e9nieurs sur la base de leurs comp\u00e9tences, et ils sont uniquement charg\u00e9s de se concentrer sur ce qu'ils proposent. L'employ\u00e9 travaille alors de mani\u00e8re r\u00e9p\u00e9t\u00e9e sur le m\u00eame probl\u00e8me, ce qui peut devenir fastidieux \u00e0 long terme et ne lui donne pas vraiment la chance et l'espace pour se d\u00e9velopper.<\/p>\n\n\n\n<p>Dans Startup Oasis, il est ensuite charg\u00e9 de le concevoir avec la supervision du client jusqu'\u00e0 ce que le produit soit d\u00e9l\u00e9gu\u00e9 \u00e0 un d\u00e9veloppeur. Ce devoir les incite \u00e0 apprendre de nouvelles choses. Vere, qui travaille actuellement sur Miri, un logiciel de proximit\u00e9 propos\u00e9 pour la r\u00e9servation d'\u00e9v\u00e9nements pour les visiteurs dans le hall des h\u00f4tels, a d\u00e9clar\u00e9 que \"le fait de travailler sur ce projet m'a permis d'\u00e9largir mon champ d'action dans tous ses aspects de d\u00e9veloppement, ce qui a d\u00e9velopp\u00e9 des comp\u00e9tences plus larges pour moi.\"<\/p>\n\n\n\n<p>Les employ\u00e9s sortent des sentiers battus pour devenir plus innovants et relever les d\u00e9fis en \u00e9largissant leur champ d'action. L'avantage pour le cr\u00e9ateur est qu'il acquiert de nouveaux talents qu'il pourra utiliser plus tard. \"J'ai entendu parler d'une nouvelle langue. Nous sommes amen\u00e9s \u00e0 travailler sur diff\u00e9rents types de projets, car il s'agit d'une petite entreprise. Je m'occupe maintenant d'Android, qui est un nouveau langage de cr\u00e9ation d'applications, alors que je travaillais auparavant pour l'application Windows\", explique Gerald, qui travaillait sur NiceShoulder2016 pour Windows et travaille actuellement sur HungryUp, une application Android de commande et de livraison de nourriture.\"<\/p>\n\n\n\n<h2 class=\"wp-block-heading\">Les employ\u00e9s sont motiv\u00e9s par les proc\u00e9dures de bureau<\/h2>\n\n\n\n<p>Dans une communaut\u00e9 de startups, le fait de fonctionner de mani\u00e8re ind\u00e9pendante n'est pas nouveau, mais il est m\u00eame bienvenu. Il sera motivant pour le travailleur de laisser la possibilit\u00e9 de travailler individuellement et peut donner plus de r\u00e9sultats que lorsqu'il doit ob\u00e9ir \u00e0 un grand nombre de politiques. En outre, les hauts dirigeants pourront alors travailler sur d'autres projets et soutenir les consommateurs sur le march\u00e9 de leur produit.<\/p>\n\n\n\n<p>Ramil, le cr\u00e9ateur d'iOS, a r\u00e9pondu qu'il appr\u00e9ciait le fait de pouvoir choisir les technologies \u00e0 utiliser lors de la conception d'une application. C'est \u00e9galement le m\u00eame sentiment qui a \u00e9t\u00e9 partag\u00e9 par Jeff, le designer graphique. Il a la possibilit\u00e9 de travailler sur des prototypes et de les donner au consommateur, et c'est une bonne pratique pour son imagination, a-t-il dit.<\/p>\n\n\n\n<p>Les projets ne sont pas donn\u00e9s \u00e0 n'importe qui ; ils sont attribu\u00e9s en fonction des qualit\u00e9s et des comp\u00e9tences affich\u00e9es par le cr\u00e9ateur. Cette fa\u00e7on d'attribuer les t\u00e2ches est comme un compl\u00e9ment \u00e0 leurs comp\u00e9tences, selon Joven et Rhea, qui travaillent sur la communaut\u00e9 m\u00e9dicale de Singapour, et les motive \u00e0 faire de leur mieux dans tout projet qui leur est confi\u00e9.<\/p>\n\n\n\n<p>\" Ce niveau d'autonomisation est d\u00e9montr\u00e9 par les propos de M. Rhusfer : \" J'ai la libert\u00e9 d'appliquer mes id\u00e9es et mes solutions aux probl\u00e8mes qui apparaissent au cours du d\u00e9veloppement.<\/p>\n\n\n\n<p>Le fait d'avoir plus d'informations sur le type de bureau et de personnel avec lequel nous travaillerons contribuera grandement \u00e0 l'am\u00e9lioration de la qualit\u00e9 des services offerts. <a href=\"https:\/\/www.startupoasis.co\/fr\/blog\/how-to-make-a-great-ui-ux-experience-that-converts-leads-to-paying-customers\/\" target=\"_blank\" rel=\"noreferrer noopener\">processus de d\u00e9cision<\/a> et m\u00eame aider \u00e0 pr\u00e9venir les probl\u00e8mes.<\/p>","protected":false},"excerpt":{"rendered":"<p>A great partnership creates a successful business. This is why it is important that the team you want to partner with understands the same mission as you, and see to\u00a0it. However, the problem is that it&#8217;s so easy to find out about the venture, but it&#8217;s harder to get details about the workers (team) and [&hellip;]<\/p>\n","protected":false},"author":3,"featured_media":1370,"parent":0,"menu_order":0,"comment_status":"closed","ping_status":"closed","template":"","meta":{"_acf_changed":false,"footnotes":""},"class_list":["post-1367","page","type-page","status-publish","has-post-thumbnail","hentry"],"acf":[],"yoast_head":"<!-- This site is optimized with the Yoast SEO plugin v27.3 - https:\/\/yoast.com\/product\/yoast-seo-wordpress\/ -->\n<title>Why Startup Oasis developers aspire. - Startup Oasis<\/title>\n<meta name=\"description\" content=\"StartupOasis is a &quot;bed and breakfast&quot; and development\/design firm. An all in one package for entrepreneurs to team up with passionate designers and developers.\" \/>\n<meta name=\"robots\" content=\"index, follow, max-snippet:-1, max-image-preview:large, max-video-preview:-1\" \/>\n<link rel=\"canonical\" href=\"https:\/\/www.startupoasis.co\/fr\/why-startup-oasis-developers-aspire\/\" \/>\n<meta property=\"og:locale\" content=\"fr_FR\" \/>\n<meta property=\"og:type\" content=\"article\" \/>\n<meta property=\"og:title\" content=\"Why Startup Oasis developers aspire. - Startup Oasis\" \/>\n<meta property=\"og:description\" content=\"StartupOasis is a &quot;bed and breakfast&quot; and development\/design firm. An all in one package for entrepreneurs to team up with passionate designers and developers.\" \/>\n<meta property=\"og:url\" content=\"https:\/\/www.startupoasis.co\/fr\/why-startup-oasis-developers-aspire\/\" \/>\n<meta property=\"og:site_name\" content=\"Startup Oasis\" \/>\n<meta property=\"article:modified_time\" content=\"2021-01-21T09:52:05+00:00\" \/>\n<meta property=\"og:image\" content=\"https:\/\/www.startupoasis.co\/wp-content\/uploads\/2021\/01\/coding-1853305_1280.jpg\" \/>\n\t<meta property=\"og:image:width\" content=\"1280\" \/>\n\t<meta property=\"og:image:height\" content=\"853\" \/>\n\t<meta property=\"og:image:type\" content=\"image\/jpeg\" \/>\n<meta name=\"twitter:card\" content=\"summary_large_image\" \/>\n<meta name=\"twitter:label1\" content=\"Dur\u00e9e de lecture estim\u00e9e\" \/>\n\t<meta name=\"twitter:data1\" content=\"5 minutes\" \/>\n<script type=\"application\/ld+json\" class=\"yoast-schema-graph\">{\"@context\":\"https:\\\/\\\/schema.org\",\"@graph\":[{\"@type\":\"WebPage\",\"@id\":\"https:\\\/\\\/www.startupoasis.co\\\/why-startup-oasis-developers-aspire\\\/\",\"url\":\"https:\\\/\\\/www.startupoasis.co\\\/why-startup-oasis-developers-aspire\\\/\",\"name\":\"Why Startup Oasis developers aspire. - Startup Oasis\",\"isPartOf\":{\"@id\":\"https:\\\/\\\/www.startupoasis.co\\\/#website\"},\"primaryImageOfPage\":{\"@id\":\"https:\\\/\\\/www.startupoasis.co\\\/why-startup-oasis-developers-aspire\\\/#primaryimage\"},\"image\":{\"@id\":\"https:\\\/\\\/www.startupoasis.co\\\/why-startup-oasis-developers-aspire\\\/#primaryimage\"},\"thumbnailUrl\":\"https:\\\/\\\/www.startupoasis.co\\\/wp-content\\\/uploads\\\/2021\\\/01\\\/coding-1853305_1280.jpg\",\"datePublished\":\"2021-01-21T09:52:04+00:00\",\"dateModified\":\"2021-01-21T09:52:05+00:00\",\"description\":\"StartupOasis is a \\\"bed and breakfast\\\" and development\\\/design firm. An all in one package for entrepreneurs to team up with passionate designers and developers.\",\"breadcrumb\":{\"@id\":\"https:\\\/\\\/www.startupoasis.co\\\/why-startup-oasis-developers-aspire\\\/#breadcrumb\"},\"inLanguage\":\"fr-FR\",\"potentialAction\":[{\"@type\":\"ReadAction\",\"target\":[\"https:\\\/\\\/www.startupoasis.co\\\/why-startup-oasis-developers-aspire\\\/\"]}]},{\"@type\":\"ImageObject\",\"inLanguage\":\"fr-FR\",\"@id\":\"https:\\\/\\\/www.startupoasis.co\\\/why-startup-oasis-developers-aspire\\\/#primaryimage\",\"url\":\"https:\\\/\\\/www.startupoasis.co\\\/wp-content\\\/uploads\\\/2021\\\/01\\\/coding-1853305_1280.jpg\",\"contentUrl\":\"https:\\\/\\\/www.startupoasis.co\\\/wp-content\\\/uploads\\\/2021\\\/01\\\/coding-1853305_1280.jpg\",\"width\":1280,\"height\":853,\"caption\":\"7 REASONS A MINIMUM VIABLE PRODUCT FOR STARTUPS IS VITAL\"},{\"@type\":\"BreadcrumbList\",\"@id\":\"https:\\\/\\\/www.startupoasis.co\\\/why-startup-oasis-developers-aspire\\\/#breadcrumb\",\"itemListElement\":[{\"@type\":\"ListItem\",\"position\":1,\"name\":\"Home\",\"item\":\"https:\\\/\\\/www.startupoasis.co\\\/\"},{\"@type\":\"ListItem\",\"position\":2,\"name\":\"Why Startup Oasis developers aspire.\"}]},{\"@type\":\"WebSite\",\"@id\":\"https:\\\/\\\/www.startupoasis.co\\\/#website\",\"url\":\"https:\\\/\\\/www.startupoasis.co\\\/\",\"name\":\"Startup Oasis\",\"description\":\"All-inclusive facilities (House &amp; Agency) for startup founders\",\"publisher\":{\"@id\":\"https:\\\/\\\/www.startupoasis.co\\\/#organization\"},\"potentialAction\":[{\"@type\":\"SearchAction\",\"target\":{\"@type\":\"EntryPoint\",\"urlTemplate\":\"https:\\\/\\\/www.startupoasis.co\\\/?s={search_term_string}\"},\"query-input\":{\"@type\":\"PropertyValueSpecification\",\"valueRequired\":true,\"valueName\":\"search_term_string\"}}],\"inLanguage\":\"fr-FR\"},{\"@type\":\"Organization\",\"@id\":\"https:\\\/\\\/www.startupoasis.co\\\/#organization\",\"name\":\"Startup Oasis\",\"url\":\"https:\\\/\\\/www.startupoasis.co\\\/\",\"logo\":{\"@type\":\"ImageObject\",\"inLanguage\":\"fr-FR\",\"@id\":\"https:\\\/\\\/www.startupoasis.co\\\/#\\\/schema\\\/logo\\\/image\\\/\",\"url\":\"https:\\\/\\\/www.startupoasis.co\\\/wp-content\\\/uploads\\\/2020\\\/12\\\/startupoasis-by-startechup.svg\",\"contentUrl\":\"https:\\\/\\\/www.startupoasis.co\\\/wp-content\\\/uploads\\\/2020\\\/12\\\/startupoasis-by-startechup.svg\",\"width\":206,\"height\":51,\"caption\":\"Startup Oasis\"},\"image\":{\"@id\":\"https:\\\/\\\/www.startupoasis.co\\\/#\\\/schema\\\/logo\\\/image\\\/\"}}]}<\/script>\n<!-- \/ Yoast SEO plugin. -->","yoast_head_json":{"title":"Pourquoi les d\u00e9veloppeurs de Startup Oasis aspirent. - Startup Oasis","description":"StartupOasis est un \"bed and breakfast\" et une entreprise de d\u00e9veloppement\/design. Une formule tout-en-un permettant aux entrepreneurs de faire \u00e9quipe avec des concepteurs et des d\u00e9veloppeurs passionn\u00e9s.","robots":{"index":"index","follow":"follow","max-snippet":"max-snippet:-1","max-image-preview":"max-image-preview:large","max-video-preview":"max-video-preview:-1"},"canonical":"https:\/\/www.startupoasis.co\/fr\/why-startup-oasis-developers-aspire\/","og_locale":"fr_FR","og_type":"article","og_title":"Why Startup Oasis developers aspire. - Startup Oasis","og_description":"StartupOasis is a \"bed and breakfast\" and development\/design firm. An all in one package for entrepreneurs to team up with passionate designers and developers.","og_url":"https:\/\/www.startupoasis.co\/fr\/why-startup-oasis-developers-aspire\/","og_site_name":"Startup Oasis","article_modified_time":"2021-01-21T09:52:05+00:00","og_image":[{"width":1280,"height":853,"url":"https:\/\/www.startupoasis.co\/wp-content\/uploads\/2021\/01\/coding-1853305_1280.jpg","type":"image\/jpeg"}],"twitter_card":"summary_large_image","twitter_misc":{"Dur\u00e9e de lecture estim\u00e9e":"5 minutes"},"schema":{"@context":"https:\/\/schema.org","@graph":[{"@type":"WebPage","@id":"https:\/\/www.startupoasis.co\/why-startup-oasis-developers-aspire\/","url":"https:\/\/www.startupoasis.co\/why-startup-oasis-developers-aspire\/","name":"Pourquoi les d\u00e9veloppeurs de Startup Oasis aspirent. - Startup Oasis","isPartOf":{"@id":"https:\/\/www.startupoasis.co\/#website"},"primaryImageOfPage":{"@id":"https:\/\/www.startupoasis.co\/why-startup-oasis-developers-aspire\/#primaryimage"},"image":{"@id":"https:\/\/www.startupoasis.co\/why-startup-oasis-developers-aspire\/#primaryimage"},"thumbnailUrl":"https:\/\/www.startupoasis.co\/wp-content\/uploads\/2021\/01\/coding-1853305_1280.jpg","datePublished":"2021-01-21T09:52:04+00:00","dateModified":"2021-01-21T09:52:05+00:00","description":"StartupOasis est un \"bed and breakfast\" et une entreprise de d\u00e9veloppement\/design. Une formule tout-en-un permettant aux entrepreneurs de faire \u00e9quipe avec des concepteurs et des d\u00e9veloppeurs passionn\u00e9s.","breadcrumb":{"@id":"https:\/\/www.startupoasis.co\/why-startup-oasis-developers-aspire\/#breadcrumb"},"inLanguage":"fr-FR","potentialAction":[{"@type":"ReadAction","target":["https:\/\/www.startupoasis.co\/why-startup-oasis-developers-aspire\/"]}]},{"@type":"ImageObject","inLanguage":"fr-FR","@id":"https:\/\/www.startupoasis.co\/why-startup-oasis-developers-aspire\/#primaryimage","url":"https:\/\/www.startupoasis.co\/wp-content\/uploads\/2021\/01\/coding-1853305_1280.jpg","contentUrl":"https:\/\/www.startupoasis.co\/wp-content\/uploads\/2021\/01\/coding-1853305_1280.jpg","width":1280,"height":853,"caption":"7 REASONS A MINIMUM VIABLE PRODUCT FOR STARTUPS IS VITAL"},{"@type":"BreadcrumbList","@id":"https:\/\/www.startupoasis.co\/why-startup-oasis-developers-aspire\/#breadcrumb","itemListElement":[{"@type":"ListItem","position":1,"name":"Home","item":"https:\/\/www.startupoasis.co\/"},{"@type":"ListItem","position":2,"name":"Why Startup Oasis developers aspire."}]},{"@type":"WebSite","@id":"https:\/\/www.startupoasis.co\/#website","url":"https:\/\/www.startupoasis.co\/","name":"Startup Oasis","description":"Installations tout compris (maison et agence) pour les fondateurs de startups.","publisher":{"@id":"https:\/\/www.startupoasis.co\/#organization"},"potentialAction":[{"@type":"SearchAction","target":{"@type":"EntryPoint","urlTemplate":"https:\/\/www.startupoasis.co\/?s={search_term_string}"},"query-input":{"@type":"PropertyValueSpecification","valueRequired":true,"valueName":"search_term_string"}}],"inLanguage":"fr-FR"},{"@type":"Organization","@id":"https:\/\/www.startupoasis.co\/#organization","name":"Startup Oasis","url":"https:\/\/www.startupoasis.co\/","logo":{"@type":"ImageObject","inLanguage":"fr-FR","@id":"https:\/\/www.startupoasis.co\/#\/schema\/logo\/image\/","url":"https:\/\/www.startupoasis.co\/wp-content\/uploads\/2020\/12\/startupoasis-by-startechup.svg","contentUrl":"https:\/\/www.startupoasis.co\/wp-content\/uploads\/2020\/12\/startupoasis-by-startechup.svg","width":206,"height":51,"caption":"Startup Oasis"},"image":{"@id":"https:\/\/www.startupoasis.co\/#\/schema\/logo\/image\/"}}]}},"_links":{"self":[{"href":"https:\/\/www.startupoasis.co\/fr\/wp-json\/wp\/v2\/pages\/1367","targetHints":{"allow":["GET"]}}],"collection":[{"href":"https:\/\/www.startupoasis.co\/fr\/wp-json\/wp\/v2\/pages"}],"about":[{"href":"https:\/\/www.startupoasis.co\/fr\/wp-json\/wp\/v2\/types\/page"}],"author":[{"embeddable":true,"href":"https:\/\/www.startupoasis.co\/fr\/wp-json\/wp\/v2\/users\/3"}],"replies":[{"embeddable":true,"href":"https:\/\/www.startupoasis.co\/fr\/wp-json\/wp\/v2\/comments?post=1367"}],"version-history":[{"count":0,"href":"https:\/\/www.startupoasis.co\/fr\/wp-json\/wp\/v2\/pages\/1367\/revisions"}],"wp:featuredmedia":[{"embeddable":true,"href":"https:\/\/www.startupoasis.co\/fr\/wp-json\/wp\/v2\/media\/1370"}],"wp:attachment":[{"href":"https:\/\/www.startupoasis.co\/fr\/wp-json\/wp\/v2\/media?parent=1367"}],"curies":[{"name":"wp","href":"https:\/\/api.w.org\/{rel}","templated":true}]}}