{"id":1375,"date":"2021-01-22T09:27:33","date_gmt":"2021-01-22T09:27:33","guid":{"rendered":"https:\/\/www.startupoasis.co\/?page_id=1375"},"modified":"2021-01-22T09:27:34","modified_gmt":"2021-01-22T09:27:34","slug":"get-to-know-more-about-the-startup-oasis-team-our-skills-experiences-and-more","status":"publish","type":"page","link":"https:\/\/www.startupoasis.co\/fr\/get-to-know-more-about-the-startup-oasis-team-our-skills-experiences-and-more\/","title":{"rendered":"Apprenez-en plus sur l'\u00e9quipe de Startup Oasis : Nos comp\u00e9tences, nos exp\u00e9riences, et plus encore"},"content":{"rendered":"<p>Une id\u00e9e de co-habitation fond\u00e9e dans le <a href=\"https:\/\/www.startupoasis.co\/fr\/amazing-philippines\/\" target=\"_blank\" rel=\"noreferrer noopener\">c\u0153ur de la ville de Cebu, Philippines<\/a>est l'oasis des startups. Il s'agit d'un environnement o\u00f9 consommateurs et entrepreneurs vivent et travaillent ensemble, o\u00f9 les clients mettent leurs concepts de start-up que les d\u00e9veloppeurs de sites web et de logiciels concr\u00e9tisent.<\/p>\n\n\n\n<p>Cet article pourrait vous \u00eatre utile si vous cherchez une \u00e9quipe web pour travailler sur votre projet mais ne savez pas o\u00f9 et comment commencer \u00e0 en trouver une. Nous pr\u00e9sentons l'\u00e9quipe web de Startup Oasis dans cet article et leur avons pos\u00e9 quelques questions afin de partager leur exp\u00e9rience avec les consommateurs et vous donner un meilleur aper\u00e7u de la relation client-d\u00e9veloppeur web.<\/p>\n\n\n\n<p>\"Depuis 2013, Maria Theresa \"Madz\" Madrid travaille pour Startup Oasis. Elle a collabor\u00e9 \u00e0 de nombreux projets et collabore actuellement avec Dada Sport, une plateforme de commerce \u00e9lectronique, et EvalDM, une application d'\u00e9valuation.<\/p>\n\n\n\n<h3 class=\"wp-block-heading\"><strong>Selon vous, qu'est-ce qui est n\u00e9cessaire pour assurer la bonne ex\u00e9cution d'un projet ?<\/strong><\/h3>\n\n\n\n<p>Il est vraiment important d'avoir les bonnes sp\u00e9cifications du projet pour que je comprenne ce que le client veut que je fasse. En outre, une interaction r\u00e9guli\u00e8re avec le client est importante pour demander plus d'informations pendant que vous travaillez sur le projet et pour une phase de cr\u00e9ation structur\u00e9e.<\/p>\n\n\n\n<h3 class=\"wp-block-heading\"><strong>Il vous est arriv\u00e9 d'\u00eatre en d\u00e9saccord avec l'avis d'un client. Comment avez-vous fait face \u00e0 cette situation ?<\/strong><\/h3>\n\n\n\n<p>Ce n'\u00e9tait pas n\u00e9cessairement un diff\u00e9rend, mais une question d'opportunit\u00e9. C'\u00e9tait parce qu'un client avait demand\u00e9 une fonctionnalit\u00e9 sp\u00e9cifique qui n'\u00e9tait pas pratique pour la plateforme que nous utilisions. J'ai fait mes devoirs afin de pouvoir mieux d\u00e9montrer au consommateur qu'elle ne pouvait pas convenir \u00e0 notre instrument et lui proposer des alternatives.<\/p>\n\n\n\n<p>Il y a un an et demi, Rhea Mae Ogates a commenc\u00e9 \u00e0 collaborer \u00e0 la cr\u00e9ation de sites Web de la communaut\u00e9 m\u00e9dicale de Singapour pour Startup Oasis.<\/p>\n\n\n\n<p>Lorsqu'une mission de conception de site web vous est pr\u00e9sent\u00e9e, quelles sont les premi\u00e8res questions que vous posez ?<\/p>\n\n\n\n<p>Au d\u00e9but, je me pose deux questions essentielles : \" Quel est l'objet du projet ? ' et ' Quelle est la nature de mes fonctions dans le projet en question ? '\"<\/p>\n\n\n\n<h3 class=\"wp-block-heading\"><strong>Comment g\u00e9rer la pression et les d\u00e9lais stricts ?<\/strong><\/h3>\n\n\n\n<p>Je ne peux pas nier le fait qu'il y a toujours des t\u00e2ches qui se pr\u00e9sentent, m\u00eame avec une hi\u00e9rarchisation des t\u00e2ches et une bonne gestion du temps. Lorsque cela s'est produit, j'ai travaill\u00e9 quelques heures de plus sur mon lieu de travail pour respecter l'\u00e9ch\u00e9ance.<\/p>\n\n\n\n<p>\"Joven Ban-as a commenc\u00e9 \u00e0 travailler en m\u00eame temps que Rhea pour Startup Oasis. Il supervise maintenant Careplus, le site de commerce \u00e9lectronique des cliniques vietnamiennes.<\/p>\n\n\n\n<p>Lorsqu'une mission de conception de site web vous est pr\u00e9sent\u00e9e, quelles sont les premi\u00e8res questions que vous posez ?<\/p>\n\n\n\n<p>En tant que d\u00e9veloppeur web, je demande au consommateur ce que le <a href=\"https:\/\/www.startupoasis.co\/fr\/blog\/how-to-make-a-great-ui-ux-experience-that-converts-leads-to-paying-customers\/\" target=\"_blank\" rel=\"noreferrer noopener\">port\u00e9e et contrainte du site web<\/a> qu'il faut suivre. Il est donc tr\u00e8s important de demander d\u00e8s le d\u00e9part quelles sont les principales caract\u00e9ristiques \u00e0 introduire.<\/p>\n\n\n\n<h3 class=\"wp-block-heading\"><strong>Selon vous, qu'est-ce qui est n\u00e9cessaire pour assurer la bonne ex\u00e9cution d'un projet ?<\/strong><\/h3>\n\n\n\n<p>Pour moi, il y aurait un contact permanent avec le client. Les aspects critiques n\u00e9cessaires pour un bon r\u00e9sultat sont \u00e0 la fois de maintenir une excellente coordination pour le soutien du projet et d'avoir l'enthousiasme pour la t\u00e2che.<\/p>\n\n\n\n<p>Depuis environ un an, Vere Diongson travaille pour Startup Oasis. Il travaille maintenant avec Dada Sport avec Madz.<\/p>\n\n\n\n<h3 class=\"wp-block-heading\"><strong>Quels probl\u00e8mes avez-vous rencontr\u00e9s chez Startup Oasis et comment les avez-vous r\u00e9solus ?<\/strong><\/h3>\n\n\n\n<p>L'interaction avec la science des donn\u00e9es est le projet le plus intimidant que j'ai vu o\u00f9 il est n\u00e9cessaire d'avoir une compr\u00e9hension plus profonde des statistiques et du calcul. Je fais face \u00e0 cela en passant du temps suppl\u00e9mentaire \u00e0 lire et \u00e0 faire de l'exercice. J'ai l'habitude de plaisanter en disant que ce ne sont pas les \u00e9tudiants qui font leurs devoirs, mais je les fais quand m\u00eame.<\/p>\n\n\n\n<h3 class=\"wp-block-heading\"><strong>Comment g\u00e9rer la pression et les d\u00e9lais stricts ?<\/strong><\/h3>\n\n\n\n<p>Nous sommes g\u00e9n\u00e9ralement sous pression lorsque les choses ne se d\u00e9roulent pas comme elles le devraient et lorsque des choses qui doivent \u00eatre faites dans l'urgence se pr\u00e9sentent. Ce que je fais, c'est passer du temps suppl\u00e9mentaire \u00e0 organiser les choses, \u00e0 hi\u00e9rarchiser les projets et \u00e0 regarder vers l'avenir.<\/p>\n\n\n\n<p>Rio Del Pamaong est un nouveau membre de l'\u00e9quipe montante de Startup Oasis. Il travaille actuellement sur un framework de bureau pour Inetis.<\/p>\n\n\n\n<p>Lorsqu'une mission de conception de site web vous est pr\u00e9sent\u00e9e, quelles sont les premi\u00e8res questions que vous posez ?<\/p>\n\n\n\n<p>\"En dehors des questions que mes co\u00e9quipiers ont pos\u00e9es, je pense qu'une autre question importante \u00e0 se poser est de savoir qui sera le march\u00e9 cible du site web.\"<\/p>\n\n\n\n<h3 class=\"wp-block-heading\"><strong>Selon vous, qu'est-ce qui est n\u00e9cessaire pour assurer la bonne ex\u00e9cution d'un projet ?<\/strong><\/h3>\n\n\n\n<p>\"Je sais que le fait d'\u00eatre nouveau signifie que je dois consacrer du temps suppl\u00e9mentaire pour mener \u00e0 bien un projet et m'assurer que je peux faire le maximum et le mieux possible.\"<\/p>\n\n\n\n<p>De plus, Cleo Credo a r\u00e9cemment rejoint l'\u00e9quipe. Elle collabore actuellement sur Inetis PRO avec Rio.<\/p>\n\n\n\n<h3 class=\"wp-block-heading\"><strong>Lorsqu'une mission de conception de site web vous est pr\u00e9sent\u00e9e, quelles sont les premi\u00e8res questions que vous posez ?<\/strong><\/h3>\n\n\n\n<p>\"Les premi\u00e8res choses qui me viennent \u00e0 l'esprit sont : les caract\u00e9ristiques \u00e0 mettre en \u0153uvre, les types de donn\u00e9es concern\u00e9es et la taille et la complexit\u00e9 de la base de donn\u00e9es.\"<\/p>\n\n\n\n<h3 class=\"wp-block-heading\"><strong>Selon vous, qu'est-ce qui est n\u00e9cessaire pour assurer la bonne ex\u00e9cution d'un projet ?<\/strong><\/h3>\n\n\n\n<p>Je pense que la communication avec le consommateur et le travail d'\u00e9quipe sont n\u00e9cessaires pour mener \u00e0 bien un projet. Pour vous assurer que leurs sp\u00e9cifications et leurs d\u00e9sirs sont satisfaits, vous devez \u00eatre capable de communiquer avec le client. Si vous ne comprenez pas ou si vous avez des doutes sur le projet, c'est aussi un moyen pour vous d'expliquer les choses. Comme plusieurs t\u00eates valent g\u00e9n\u00e9ralement mieux qu'une, le travail en \u00e9quipe est tout \u00e0 fait important. Lorsque vous \u00eates perdu ou que vous vous demandez comment rendre votre code plus efficace, il est toujours agr\u00e9able de demander conseil \u00e0 vos co\u00e9quipiers.<\/p>\n\n\n\n<p>Un membre actuel de l'\u00e9quipe de Startup Oasis est \u00e9galement Joseph Simon Q. Rojo. Il travaille actuellement sur un site web pour VivaCity.<\/p>\n\n\n\n<h3 class=\"wp-block-heading\"><strong>Quels probl\u00e8mes avez-vous rencontr\u00e9s chez Startup Oasis et comment les avez-vous r\u00e9solus ?<\/strong><\/h3>\n\n\n\n<p>Je demande rapidement conseil \u00e0 mes coll\u00e8gues pour obtenir des informations suppl\u00e9mentaires chaque fois que je suis perdu sur un probl\u00e8me ou que je ne parviens pas \u00e0 trouver un moyen d'ex\u00e9cuter quelque chose, m\u00eame apr\u00e8s avoir effectu\u00e9 de nombreuses analyses en ligne. S'ils ne sont pas \u00e0 l'aise avec la pile d'applications que nous utilisons, je demande sp\u00e9cifiquement l'aide du client. De cette fa\u00e7on, il prend conscience du probl\u00e8me auquel je suis confront\u00e9 et a une suggestion ou une possibilit\u00e9 de le contourner.<\/p>\n\n\n\n<h3 class=\"wp-block-heading\"><strong>Selon vous, qu'est-ce qui est n\u00e9cessaire pour assurer la bonne ex\u00e9cution d'un projet ?<\/strong><\/h3>\n\n\n\n<p>Comme le codage demande du temps et est donc co\u00fbteux, je m'assure toujours que les sp\u00e9cifications sont r\u00e9dig\u00e9es et finalis\u00e9es. Je ferai la pr\u00e9paration de cette mani\u00e8re, j'\u00e9crirai du pseudo-code et je me lancerai \u00e9ventuellement dans le codage.<\/p>\n\n\n\n<p>Startup Oasis est <a href=\"https:\/\/www.startupoasis.co\/fr\/who-we-are\/\" target=\"_blank\" rel=\"noreferrer noopener\">fi\u00e8re de son personnel<\/a> et le travail acharn\u00e9 qu'ils ont fourni pour d\u00e9velopper des projets pour les clients. Nous esp\u00e9rons que ce billet vous a donn\u00e9 un aper\u00e7u de ce qu'il faut rechercher et exiger d'une \u00e9quipe Web qui g\u00e9rera votre projet.<\/p>","protected":false},"excerpt":{"rendered":"<p>A co-living idea founded in the heart of Cebu City, Philippines, is the Startup Oasis. It is an environment where consumers and entrepreneurs live and work together, where customers put their start-up concepts that the website developers and software developers make concrete. This article could be of use if you are searching for a web [&hellip;]<\/p>\n","protected":false},"author":3,"featured_media":1376,"parent":0,"menu_order":0,"comment_status":"closed","ping_status":"closed","template":"","meta":{"_acf_changed":false,"footnotes":""},"class_list":["post-1375","page","type-page","status-publish","has-post-thumbnail","hentry"],"acf":[],"yoast_head":"<!-- This site is optimized with the Yoast SEO plugin v27.3 - https:\/\/yoast.com\/product\/yoast-seo-wordpress\/ -->\n<title>Get to know more about the Startup Oasis team: Our skills, experiences, and more<\/title>\n<meta name=\"description\" content=\"Startup Oasis is an environment where entrepreneurs live and work together with their developers. It is where startup concepts come to life.\" \/>\n<meta name=\"robots\" content=\"index, follow, max-snippet:-1, max-image-preview:large, max-video-preview:-1\" \/>\n<link rel=\"canonical\" href=\"https:\/\/www.startupoasis.co\/fr\/get-to-know-more-about-the-startup-oasis-team-our-skills-experiences-and-more\/\" \/>\n<meta property=\"og:locale\" content=\"fr_FR\" \/>\n<meta property=\"og:type\" content=\"article\" \/>\n<meta property=\"og:title\" content=\"Get to know more about the Startup Oasis team: Our skills, experiences, and more\" \/>\n<meta property=\"og:description\" content=\"Startup Oasis is an environment where entrepreneurs live and work together with their developers. It is where startup concepts come to life.\" \/>\n<meta property=\"og:url\" content=\"https:\/\/www.startupoasis.co\/fr\/get-to-know-more-about-the-startup-oasis-team-our-skills-experiences-and-more\/\" \/>\n<meta property=\"og:site_name\" content=\"Startup Oasis\" \/>\n<meta property=\"article:modified_time\" content=\"2021-01-22T09:27:34+00:00\" \/>\n<meta property=\"og:image\" content=\"https:\/\/www.startupoasis.co\/wp-content\/uploads\/2021\/01\/team-5842784_1280.jpg\" \/>\n\t<meta property=\"og:image:width\" content=\"1280\" \/>\n\t<meta property=\"og:image:height\" content=\"853\" \/>\n\t<meta property=\"og:image:type\" content=\"image\/jpeg\" \/>\n<meta name=\"twitter:card\" content=\"summary_large_image\" \/>\n<meta name=\"twitter:label1\" content=\"Dur\u00e9e de lecture estim\u00e9e\" \/>\n\t<meta name=\"twitter:data1\" content=\"5 minutes\" \/>\n<script type=\"application\/ld+json\" class=\"yoast-schema-graph\">{\"@context\":\"https:\\\/\\\/schema.org\",\"@graph\":[{\"@type\":\"WebPage\",\"@id\":\"https:\\\/\\\/www.startupoasis.co\\\/fr\\\/get-to-know-more-about-the-startup-oasis-team-our-skills-experiences-and-more\\\/\",\"url\":\"https:\\\/\\\/www.startupoasis.co\\\/fr\\\/get-to-know-more-about-the-startup-oasis-team-our-skills-experiences-and-more\\\/\",\"name\":\"Get to know more about the Startup Oasis team: Our skills, experiences, and more\",\"isPartOf\":{\"@id\":\"https:\\\/\\\/www.startupoasis.co\\\/#website\"},\"primaryImageOfPage\":{\"@id\":\"https:\\\/\\\/www.startupoasis.co\\\/fr\\\/get-to-know-more-about-the-startup-oasis-team-our-skills-experiences-and-more\\\/#primaryimage\"},\"image\":{\"@id\":\"https:\\\/\\\/www.startupoasis.co\\\/fr\\\/get-to-know-more-about-the-startup-oasis-team-our-skills-experiences-and-more\\\/#primaryimage\"},\"thumbnailUrl\":\"https:\\\/\\\/www.startupoasis.co\\\/wp-content\\\/uploads\\\/2021\\\/01\\\/team-5842784_1280.jpg\",\"datePublished\":\"2021-01-22T09:27:33+00:00\",\"dateModified\":\"2021-01-22T09:27:34+00:00\",\"description\":\"Startup Oasis is an environment where entrepreneurs live and work together with their developers. It is where startup concepts come to life.\",\"breadcrumb\":{\"@id\":\"https:\\\/\\\/www.startupoasis.co\\\/fr\\\/get-to-know-more-about-the-startup-oasis-team-our-skills-experiences-and-more\\\/#breadcrumb\"},\"inLanguage\":\"fr-FR\",\"potentialAction\":[{\"@type\":\"ReadAction\",\"target\":[\"https:\\\/\\\/www.startupoasis.co\\\/fr\\\/get-to-know-more-about-the-startup-oasis-team-our-skills-experiences-and-more\\\/\"]}]},{\"@type\":\"ImageObject\",\"inLanguage\":\"fr-FR\",\"@id\":\"https:\\\/\\\/www.startupoasis.co\\\/fr\\\/get-to-know-more-about-the-startup-oasis-team-our-skills-experiences-and-more\\\/#primaryimage\",\"url\":\"https:\\\/\\\/www.startupoasis.co\\\/wp-content\\\/uploads\\\/2021\\\/01\\\/team-5842784_1280.jpg\",\"contentUrl\":\"https:\\\/\\\/www.startupoasis.co\\\/wp-content\\\/uploads\\\/2021\\\/01\\\/team-5842784_1280.jpg\",\"width\":1280,\"height\":853},{\"@type\":\"BreadcrumbList\",\"@id\":\"https:\\\/\\\/www.startupoasis.co\\\/fr\\\/get-to-know-more-about-the-startup-oasis-team-our-skills-experiences-and-more\\\/#breadcrumb\",\"itemListElement\":[{\"@type\":\"ListItem\",\"position\":1,\"name\":\"Home\",\"item\":\"https:\\\/\\\/www.startupoasis.co\\\/\"},{\"@type\":\"ListItem\",\"position\":2,\"name\":\"Get to know more about the Startup Oasis team: Our skills, experiences, and more\"}]},{\"@type\":\"WebSite\",\"@id\":\"https:\\\/\\\/www.startupoasis.co\\\/#website\",\"url\":\"https:\\\/\\\/www.startupoasis.co\\\/\",\"name\":\"Startup Oasis\",\"description\":\"All-inclusive facilities (House &amp; Agency) for startup founders\",\"publisher\":{\"@id\":\"https:\\\/\\\/www.startupoasis.co\\\/#organization\"},\"potentialAction\":[{\"@type\":\"SearchAction\",\"target\":{\"@type\":\"EntryPoint\",\"urlTemplate\":\"https:\\\/\\\/www.startupoasis.co\\\/?s={search_term_string}\"},\"query-input\":{\"@type\":\"PropertyValueSpecification\",\"valueRequired\":true,\"valueName\":\"search_term_string\"}}],\"inLanguage\":\"fr-FR\"},{\"@type\":\"Organization\",\"@id\":\"https:\\\/\\\/www.startupoasis.co\\\/#organization\",\"name\":\"Startup Oasis\",\"url\":\"https:\\\/\\\/www.startupoasis.co\\\/\",\"logo\":{\"@type\":\"ImageObject\",\"inLanguage\":\"fr-FR\",\"@id\":\"https:\\\/\\\/www.startupoasis.co\\\/#\\\/schema\\\/logo\\\/image\\\/\",\"url\":\"https:\\\/\\\/www.startupoasis.co\\\/wp-content\\\/uploads\\\/2020\\\/12\\\/startupoasis-by-startechup.svg\",\"contentUrl\":\"https:\\\/\\\/www.startupoasis.co\\\/wp-content\\\/uploads\\\/2020\\\/12\\\/startupoasis-by-startechup.svg\",\"width\":206,\"height\":51,\"caption\":\"Startup Oasis\"},\"image\":{\"@id\":\"https:\\\/\\\/www.startupoasis.co\\\/#\\\/schema\\\/logo\\\/image\\\/\"}}]}<\/script>\n<!-- \/ Yoast SEO plugin. -->","yoast_head_json":{"title":"Apprenez-en plus sur l'\u00e9quipe de Startup Oasis : Nos comp\u00e9tences, nos exp\u00e9riences, et plus encore","description":"Startup Oasis est un environnement o\u00f9 les entrepreneurs vivent et travaillent ensemble avec leurs d\u00e9veloppeurs. C'est l\u00e0 que les concepts de startup prennent vie.","robots":{"index":"index","follow":"follow","max-snippet":"max-snippet:-1","max-image-preview":"max-image-preview:large","max-video-preview":"max-video-preview:-1"},"canonical":"https:\/\/www.startupoasis.co\/fr\/get-to-know-more-about-the-startup-oasis-team-our-skills-experiences-and-more\/","og_locale":"fr_FR","og_type":"article","og_title":"Get to know more about the Startup Oasis team: Our skills, experiences, and more","og_description":"Startup Oasis is an environment where entrepreneurs live and work together with their developers. It is where startup concepts come to life.","og_url":"https:\/\/www.startupoasis.co\/fr\/get-to-know-more-about-the-startup-oasis-team-our-skills-experiences-and-more\/","og_site_name":"Startup Oasis","article_modified_time":"2021-01-22T09:27:34+00:00","og_image":[{"width":1280,"height":853,"url":"https:\/\/www.startupoasis.co\/wp-content\/uploads\/2021\/01\/team-5842784_1280.jpg","type":"image\/jpeg"}],"twitter_card":"summary_large_image","twitter_misc":{"Dur\u00e9e de lecture estim\u00e9e":"5 minutes"},"schema":{"@context":"https:\/\/schema.org","@graph":[{"@type":"WebPage","@id":"https:\/\/www.startupoasis.co\/fr\/get-to-know-more-about-the-startup-oasis-team-our-skills-experiences-and-more\/","url":"https:\/\/www.startupoasis.co\/fr\/get-to-know-more-about-the-startup-oasis-team-our-skills-experiences-and-more\/","name":"Apprenez-en plus sur l'\u00e9quipe de Startup Oasis : Nos comp\u00e9tences, nos exp\u00e9riences, et plus encore","isPartOf":{"@id":"https:\/\/www.startupoasis.co\/#website"},"primaryImageOfPage":{"@id":"https:\/\/www.startupoasis.co\/fr\/get-to-know-more-about-the-startup-oasis-team-our-skills-experiences-and-more\/#primaryimage"},"image":{"@id":"https:\/\/www.startupoasis.co\/fr\/get-to-know-more-about-the-startup-oasis-team-our-skills-experiences-and-more\/#primaryimage"},"thumbnailUrl":"https:\/\/www.startupoasis.co\/wp-content\/uploads\/2021\/01\/team-5842784_1280.jpg","datePublished":"2021-01-22T09:27:33+00:00","dateModified":"2021-01-22T09:27:34+00:00","description":"Startup Oasis est un environnement o\u00f9 les entrepreneurs vivent et travaillent ensemble avec leurs d\u00e9veloppeurs. C'est l\u00e0 que les concepts de startup prennent vie.","breadcrumb":{"@id":"https:\/\/www.startupoasis.co\/fr\/get-to-know-more-about-the-startup-oasis-team-our-skills-experiences-and-more\/#breadcrumb"},"inLanguage":"fr-FR","potentialAction":[{"@type":"ReadAction","target":["https:\/\/www.startupoasis.co\/fr\/get-to-know-more-about-the-startup-oasis-team-our-skills-experiences-and-more\/"]}]},{"@type":"ImageObject","inLanguage":"fr-FR","@id":"https:\/\/www.startupoasis.co\/fr\/get-to-know-more-about-the-startup-oasis-team-our-skills-experiences-and-more\/#primaryimage","url":"https:\/\/www.startupoasis.co\/wp-content\/uploads\/2021\/01\/team-5842784_1280.jpg","contentUrl":"https:\/\/www.startupoasis.co\/wp-content\/uploads\/2021\/01\/team-5842784_1280.jpg","width":1280,"height":853},{"@type":"BreadcrumbList","@id":"https:\/\/www.startupoasis.co\/fr\/get-to-know-more-about-the-startup-oasis-team-our-skills-experiences-and-more\/#breadcrumb","itemListElement":[{"@type":"ListItem","position":1,"name":"Home","item":"https:\/\/www.startupoasis.co\/"},{"@type":"ListItem","position":2,"name":"Get to know more about the Startup Oasis team: Our skills, experiences, and more"}]},{"@type":"WebSite","@id":"https:\/\/www.startupoasis.co\/#website","url":"https:\/\/www.startupoasis.co\/","name":"Startup Oasis","description":"Installations tout compris (maison et agence) pour les fondateurs de startups.","publisher":{"@id":"https:\/\/www.startupoasis.co\/#organization"},"potentialAction":[{"@type":"SearchAction","target":{"@type":"EntryPoint","urlTemplate":"https:\/\/www.startupoasis.co\/?s={search_term_string}"},"query-input":{"@type":"PropertyValueSpecification","valueRequired":true,"valueName":"search_term_string"}}],"inLanguage":"fr-FR"},{"@type":"Organization","@id":"https:\/\/www.startupoasis.co\/#organization","name":"Startup Oasis","url":"https:\/\/www.startupoasis.co\/","logo":{"@type":"ImageObject","inLanguage":"fr-FR","@id":"https:\/\/www.startupoasis.co\/#\/schema\/logo\/image\/","url":"https:\/\/www.startupoasis.co\/wp-content\/uploads\/2020\/12\/startupoasis-by-startechup.svg","contentUrl":"https:\/\/www.startupoasis.co\/wp-content\/uploads\/2020\/12\/startupoasis-by-startechup.svg","width":206,"height":51,"caption":"Startup Oasis"},"image":{"@id":"https:\/\/www.startupoasis.co\/#\/schema\/logo\/image\/"}}]}},"_links":{"self":[{"href":"https:\/\/www.startupoasis.co\/fr\/wp-json\/wp\/v2\/pages\/1375","targetHints":{"allow":["GET"]}}],"collection":[{"href":"https:\/\/www.startupoasis.co\/fr\/wp-json\/wp\/v2\/pages"}],"about":[{"href":"https:\/\/www.startupoasis.co\/fr\/wp-json\/wp\/v2\/types\/page"}],"author":[{"embeddable":true,"href":"https:\/\/www.startupoasis.co\/fr\/wp-json\/wp\/v2\/users\/3"}],"replies":[{"embeddable":true,"href":"https:\/\/www.startupoasis.co\/fr\/wp-json\/wp\/v2\/comments?post=1375"}],"version-history":[{"count":0,"href":"https:\/\/www.startupoasis.co\/fr\/wp-json\/wp\/v2\/pages\/1375\/revisions"}],"wp:featuredmedia":[{"embeddable":true,"href":"https:\/\/www.startupoasis.co\/fr\/wp-json\/wp\/v2\/media\/1376"}],"wp:attachment":[{"href":"https:\/\/www.startupoasis.co\/fr\/wp-json\/wp\/v2\/media?parent=1375"}],"curies":[{"name":"wp","href":"https:\/\/api.w.org\/{rel}","templated":true}]}}