{"id":1385,"date":"2021-01-23T12:23:22","date_gmt":"2021-01-23T12:23:22","guid":{"rendered":"https:\/\/www.startupoasis.co\/?page_id=1385"},"modified":"2021-01-23T12:23:25","modified_gmt":"2021-01-23T12:23:25","slug":"entrepreneurs-should-not-fear-failure-they-should-embrace-it","status":"publish","type":"page","link":"https:\/\/www.startupoasis.co\/fr\/entrepreneurs-should-not-fear-failure-they-should-embrace-it\/","title":{"rendered":"Les entrepreneurs ne doivent pas craindre l'\u00e9chec. Ils doivent l'accepter."},"content":{"rendered":"<p>L'\u00e9chec est le secret de la r\u00e9ussite. Nous vous donnons des cl\u00e9s pour utiliser votre incapacit\u00e9 afin de r\u00e9ussir. Nous vous aidons \u00e0 r\u00e9aliser vos r\u00eaves \u00e0 Startup Oasis en <a href=\"https:\/\/www.startupoasis.co\/fr\/blog\/mvp-top-benefits-and-advantages-to-your-startup\/\" target=\"_blank\" rel=\"noreferrer noopener\">construire le MVP<\/a> de vos r\u00eaves. Nous pouvons \u00e9galement vous donner des conseils pour surmonter votre peur de l'\u00e9chec.&nbsp;<\/p>\n\n\n\n<p>Pendant longtemps, l'\u00e9chec a \u00e9t\u00e9 consid\u00e9r\u00e9 comme quelque chose de n\u00e9gatif. Tout le monde pensait que c'\u00e9tait la fin de l'aventure parce que tout le monde avait \u00e9chou\u00e9. Mais les choses ont chang\u00e9, notamment avec les entrepreneurs qui ont racont\u00e9 combien de fois ils ont lutt\u00e9 avant de r\u00e9ussir. Lorsque vous parlez de vos erreurs maintenant, cela signifie que vous essayez de faire quelque chose. Plus les erreurs sont nombreuses, plus vos espoirs seront forts.<\/p>\n\n\n\n<h3 class=\"wp-block-heading\"><strong>Quelle sera la perte ?<\/strong><\/h3>\n\n\n\n<p>L'\u00e9chec est li\u00e9 \u00e0 la r\u00e9ussite, en raison du climat entrepreneurial et des t\u00e9moignages d'entrepreneurs qui ont r\u00e9ussi. Comme l'a dit Winston Churchill, \"<em>Le succ\u00e8s n'est pas d\u00e9finitif, l'\u00e9chec n'est pas fatal : ce qui compte, c'est le courage de continuer.<\/em>.\" La vie est une aventure, vous allez entendre parler de succ\u00e8s, et l'\u00e9chec en fait partie ; cela fait partie du jeu.<\/p>\n\n\n\n<p>Alors, que signifie r\u00e9ellement ce grand mot, surtout pour les entrepreneurs qui sont caract\u00e9ris\u00e9s par le succ\u00e8s ou l'\u00e9chec de leur marque ?&nbsp;<\/p>\n\n\n\n<p>Le dictionnaire Oxford le d\u00e9finit comme suit : \"La n\u00e9gligence ou l'omission de l'action attendue ou requise.\" La cible ou l'objectif que vous avez n\u00e9glig\u00e9 ou ce truc qui ne s'est tout simplement pas d\u00e9roul\u00e9 comme vous l'aviez pr\u00e9vu. Dans tous les domaines de la vie, cela arrive \u00e0 TOUT LE MONDE. La fa\u00e7on dont vous le regardez et ce que vous en faites fait la diff\u00e9rence.<\/p>\n\n\n\n<p>Il existe certains moyens d'envisager les \u00e9checs qui peuvent faire du projet\/de l'entreprise une force constructive.<\/p>\n\n\n\n<h3 class=\"wp-block-heading\"><strong>L'\u00e9chec n'humilie pas<\/strong><\/h3>\n\n\n\n<p>L'\u00eatre humain semble se laisser absorber par ce qu'il fait et se perdre dans sa r\u00e9ussite. Ainsi, l'\u00e9chec permet \u00e0 une personne de se tenir en \u00e9chec. Il l'oblige \u00e0 se regarder de pr\u00e8s et \u00e0 porter un jugement personnel, ce qui le rend plus intelligent. C'est l'une des cl\u00e9s du d\u00e9veloppement personnel d'un entrepreneur.<\/p>\n\n\n\n<h3 class=\"wp-block-heading\"><strong>L'\u00e9chec est une force en mouvement<\/strong><\/h3>\n\n\n\n<p>Imaginez que tout se passe bien pour un projet ou une entreprise ? Vous \u00eates trop s\u00fbr que vous ne regardez pas l'\u00e9volution de votre entreprise. Pouvez-vous vous adapter et vous am\u00e9liorer afin de satisfaire vos attentes ? La r\u00e9action sera n\u00e9gative. Pourquoi modifier quand tout va bien, n'est-ce pas ? Le fait est que cela ne va pas durer ind\u00e9finiment. Les gens vont vouloir du changement, ils vont aussi le sugg\u00e9rer. Pour faire face \u00e0 ces changements, certains entrepreneurs sauront pr\u00e9dire les tendances et s'adapter \u00e0 temps. Pour les entrepreneurs qui n'y parviennent pas, l'\u00e9chec est un avertissement qu'une transition doit s'op\u00e9rer. Pour r\u00e9pondre aux besoins des consommateurs, ils devront apprendre de leurs erreurs et apporter des am\u00e9liorations.<\/p>\n\n\n\n<h3 class=\"wp-block-heading\"><strong>L'\u00e9chec est une r\u00e9v\u00e9lation&nbsp;<\/strong><\/h3>\n\n\n\n<p>Il y a eu beaucoup d'histoires de r\u00e9ussite qui ont commenc\u00e9 \u00e0 ce qui semble \u00eatre un moment perdu o\u00f9 le fondateur a vu une ampoule se d\u00e9clencher dans sa t\u00eate. L'\u00e9chec vous aidera \u00e0 voir que vous devez op\u00e9rer un changement radical ou que quelque chose ne va pas dans votre fa\u00e7on de faire les choses. Accueillez cette perte et profitez-en. Echouer et essayer de poursuivre vos r\u00eaves encore et encore est la plus grande force.<\/p>\n\n\n\n<h3 class=\"wp-block-heading\"><strong>L'\u00e9chec est une chance de s'am\u00e9liorer&nbsp;<\/strong><\/h3>\n\n\n\n<p>Si le produit ne r\u00e9pond pas \u00e0 la <a href=\"https:\/\/www.startupoasis.co\/fr\/blog\/how-to-make-a-great-ui-ux-experience-that-converts-leads-to-paying-customers\/\" target=\"_blank\" rel=\"noreferrer noopener\">les besoins des consommateurs<\/a>ils ne manqueront pas de vous le faire savoir, ou ils vous informeront de l'utilisation\/de l'achat \u00e0 l'improviste. Cela peut \u00eatre consid\u00e9r\u00e9 comme une incitation au d\u00e9veloppement lorsque cela se produit. Leurs plaintes vous permettront de savoir ce qui ne va pas avec votre article et comment vous pouvez y rem\u00e9dier et les rendre plus heureux d'utiliser votre produit pour les attirer.<\/p>\n\n\n\n<p>Thomas Edison a fait une brillante remarque sur l'\u00e9chec lorsqu'on lui a demand\u00e9 : \"Qu'est-ce que \u00e7a fait d'\u00e9chouer 1 000 fois ?\". Il s'agit de son invention de l'ampoule \u00e9lectrique, qu'il lui a soi-disant fallu 1 000 essais pour perfectionner. Il a r\u00e9pondu : \"L'ampoule \u00e9lectrique \u00e0 1 000 essais \u00e9tait une invention.\" Vous pouvez toujours tirer profit de votre erreur. C'est la voie de l'accomplissement et de la satisfaction.<\/p>\n\n\n\n<p>Rejoignez notre <a href=\"https:\/\/www.startupoasis.co\/fr\/who-we-are\/\" target=\"_blank\" rel=\"noreferrer noopener\">concepteurs et d\u00e9veloppeurs \u00e0 Startup Oasis<\/a> et de construire votre r\u00eave. Nous vous donnerons des conseils sur la mani\u00e8re d'\u00e9viter l'\u00e9chec et d'utiliser l'\u00e9chec pour r\u00e9ussir.<\/p>","protected":false},"excerpt":{"rendered":"<p>Failure is the secret to success. We provide you with keys to make use of your inability to achieve success. We help you achieve your dreams at Startup Oasis by building the MVP of your dreams. We can also give you advice to get over your fear of failure.&nbsp; Failure has been seen as something [&hellip;]<\/p>\n","protected":false},"author":3,"featured_media":1386,"parent":0,"menu_order":0,"comment_status":"closed","ping_status":"closed","template":"","meta":{"_acf_changed":false,"footnotes":""},"class_list":["post-1385","page","type-page","status-publish","has-post-thumbnail","hentry"],"acf":[],"yoast_head":"<!-- This site is optimized with the Yoast SEO plugin v27.3 - https:\/\/yoast.com\/product\/yoast-seo-wordpress\/ -->\n<title>Entrepreneurs should not fear failure. They should embrace it.<\/title>\n<meta name=\"description\" content=\"Failure is the secret to success. We help you achieve your dreams at Startup Oasis by building the MVP of your dreams. We can also give you advice to get over your fear of failure.\" \/>\n<meta name=\"robots\" content=\"index, follow, max-snippet:-1, max-image-preview:large, max-video-preview:-1\" \/>\n<link rel=\"canonical\" href=\"https:\/\/www.startupoasis.co\/fr\/entrepreneurs-should-not-fear-failure-they-should-embrace-it\/\" \/>\n<meta property=\"og:locale\" content=\"fr_FR\" \/>\n<meta property=\"og:type\" content=\"article\" \/>\n<meta property=\"og:title\" content=\"Entrepreneurs should not fear failure. They should embrace it.\" \/>\n<meta property=\"og:description\" content=\"Failure is the secret to success. We help you achieve your dreams at Startup Oasis by building the MVP of your dreams. We can also give you advice to get over your fear of failure.\" \/>\n<meta property=\"og:url\" content=\"https:\/\/www.startupoasis.co\/fr\/entrepreneurs-should-not-fear-failure-they-should-embrace-it\/\" \/>\n<meta property=\"og:site_name\" content=\"Startup Oasis\" \/>\n<meta property=\"article:modified_time\" content=\"2021-01-23T12:23:25+00:00\" \/>\n<meta property=\"og:image\" content=\"https:\/\/www.startupoasis.co\/wp-content\/uploads\/2021\/01\/entrepreneur-2326419_1280.jpg\" \/>\n\t<meta property=\"og:image:width\" content=\"1280\" \/>\n\t<meta property=\"og:image:height\" content=\"854\" \/>\n\t<meta property=\"og:image:type\" content=\"image\/jpeg\" \/>\n<meta name=\"twitter:card\" content=\"summary_large_image\" \/>\n<meta name=\"twitter:label1\" content=\"Dur\u00e9e de lecture estim\u00e9e\" \/>\n\t<meta name=\"twitter:data1\" content=\"4 minutes\" \/>\n<script type=\"application\/ld+json\" class=\"yoast-schema-graph\">{\"@context\":\"https:\\\/\\\/schema.org\",\"@graph\":[{\"@type\":\"WebPage\",\"@id\":\"https:\\\/\\\/www.startupoasis.co\\\/fr\\\/entrepreneurs-should-not-fear-failure-they-should-embrace-it\\\/\",\"url\":\"https:\\\/\\\/www.startupoasis.co\\\/fr\\\/entrepreneurs-should-not-fear-failure-they-should-embrace-it\\\/\",\"name\":\"Entrepreneurs should not fear failure. They should embrace it.\",\"isPartOf\":{\"@id\":\"https:\\\/\\\/www.startupoasis.co\\\/#website\"},\"primaryImageOfPage\":{\"@id\":\"https:\\\/\\\/www.startupoasis.co\\\/fr\\\/entrepreneurs-should-not-fear-failure-they-should-embrace-it\\\/#primaryimage\"},\"image\":{\"@id\":\"https:\\\/\\\/www.startupoasis.co\\\/fr\\\/entrepreneurs-should-not-fear-failure-they-should-embrace-it\\\/#primaryimage\"},\"thumbnailUrl\":\"https:\\\/\\\/www.startupoasis.co\\\/wp-content\\\/uploads\\\/2021\\\/01\\\/entrepreneur-2326419_1280.jpg\",\"datePublished\":\"2021-01-23T12:23:22+00:00\",\"dateModified\":\"2021-01-23T12:23:25+00:00\",\"description\":\"Failure is the secret to success. We help you achieve your dreams at Startup Oasis by building the MVP of your dreams. We can also give you advice to get over your fear of failure.\",\"breadcrumb\":{\"@id\":\"https:\\\/\\\/www.startupoasis.co\\\/fr\\\/entrepreneurs-should-not-fear-failure-they-should-embrace-it\\\/#breadcrumb\"},\"inLanguage\":\"fr-FR\",\"potentialAction\":[{\"@type\":\"ReadAction\",\"target\":[\"https:\\\/\\\/www.startupoasis.co\\\/fr\\\/entrepreneurs-should-not-fear-failure-they-should-embrace-it\\\/\"]}]},{\"@type\":\"ImageObject\",\"inLanguage\":\"fr-FR\",\"@id\":\"https:\\\/\\\/www.startupoasis.co\\\/fr\\\/entrepreneurs-should-not-fear-failure-they-should-embrace-it\\\/#primaryimage\",\"url\":\"https:\\\/\\\/www.startupoasis.co\\\/wp-content\\\/uploads\\\/2021\\\/01\\\/entrepreneur-2326419_1280.jpg\",\"contentUrl\":\"https:\\\/\\\/www.startupoasis.co\\\/wp-content\\\/uploads\\\/2021\\\/01\\\/entrepreneur-2326419_1280.jpg\",\"width\":1280,\"height\":854},{\"@type\":\"BreadcrumbList\",\"@id\":\"https:\\\/\\\/www.startupoasis.co\\\/fr\\\/entrepreneurs-should-not-fear-failure-they-should-embrace-it\\\/#breadcrumb\",\"itemListElement\":[{\"@type\":\"ListItem\",\"position\":1,\"name\":\"Home\",\"item\":\"https:\\\/\\\/www.startupoasis.co\\\/\"},{\"@type\":\"ListItem\",\"position\":2,\"name\":\"Entrepreneurs should not fear failure. They should embrace it.\"}]},{\"@type\":\"WebSite\",\"@id\":\"https:\\\/\\\/www.startupoasis.co\\\/#website\",\"url\":\"https:\\\/\\\/www.startupoasis.co\\\/\",\"name\":\"Startup Oasis\",\"description\":\"All-inclusive facilities (House &amp; Agency) for startup founders\",\"publisher\":{\"@id\":\"https:\\\/\\\/www.startupoasis.co\\\/#organization\"},\"potentialAction\":[{\"@type\":\"SearchAction\",\"target\":{\"@type\":\"EntryPoint\",\"urlTemplate\":\"https:\\\/\\\/www.startupoasis.co\\\/?s={search_term_string}\"},\"query-input\":{\"@type\":\"PropertyValueSpecification\",\"valueRequired\":true,\"valueName\":\"search_term_string\"}}],\"inLanguage\":\"fr-FR\"},{\"@type\":\"Organization\",\"@id\":\"https:\\\/\\\/www.startupoasis.co\\\/#organization\",\"name\":\"Startup Oasis\",\"url\":\"https:\\\/\\\/www.startupoasis.co\\\/\",\"logo\":{\"@type\":\"ImageObject\",\"inLanguage\":\"fr-FR\",\"@id\":\"https:\\\/\\\/www.startupoasis.co\\\/#\\\/schema\\\/logo\\\/image\\\/\",\"url\":\"https:\\\/\\\/www.startupoasis.co\\\/wp-content\\\/uploads\\\/2020\\\/12\\\/startupoasis-by-startechup.svg\",\"contentUrl\":\"https:\\\/\\\/www.startupoasis.co\\\/wp-content\\\/uploads\\\/2020\\\/12\\\/startupoasis-by-startechup.svg\",\"width\":206,\"height\":51,\"caption\":\"Startup Oasis\"},\"image\":{\"@id\":\"https:\\\/\\\/www.startupoasis.co\\\/#\\\/schema\\\/logo\\\/image\\\/\"}}]}<\/script>\n<!-- \/ Yoast SEO plugin. -->","yoast_head_json":{"title":"Les entrepreneurs ne doivent pas craindre l'\u00e9chec. Ils doivent l'accepter.","description":"L'\u00e9chec est le secret de la r\u00e9ussite. Chez Startup Oasis, nous vous aidons \u00e0 r\u00e9aliser vos r\u00eaves en construisant le MVP de vos r\u00eaves. Nous pouvons \u00e9galement vous donner des conseils pour surmonter votre peur de l'\u00e9chec.","robots":{"index":"index","follow":"follow","max-snippet":"max-snippet:-1","max-image-preview":"max-image-preview:large","max-video-preview":"max-video-preview:-1"},"canonical":"https:\/\/www.startupoasis.co\/fr\/entrepreneurs-should-not-fear-failure-they-should-embrace-it\/","og_locale":"fr_FR","og_type":"article","og_title":"Entrepreneurs should not fear failure. They should embrace it.","og_description":"Failure is the secret to success. We help you achieve your dreams at Startup Oasis by building the MVP of your dreams. We can also give you advice to get over your fear of failure.","og_url":"https:\/\/www.startupoasis.co\/fr\/entrepreneurs-should-not-fear-failure-they-should-embrace-it\/","og_site_name":"Startup Oasis","article_modified_time":"2021-01-23T12:23:25+00:00","og_image":[{"width":1280,"height":854,"url":"https:\/\/www.startupoasis.co\/wp-content\/uploads\/2021\/01\/entrepreneur-2326419_1280.jpg","type":"image\/jpeg"}],"twitter_card":"summary_large_image","twitter_misc":{"Dur\u00e9e de lecture estim\u00e9e":"4 minutes"},"schema":{"@context":"https:\/\/schema.org","@graph":[{"@type":"WebPage","@id":"https:\/\/www.startupoasis.co\/fr\/entrepreneurs-should-not-fear-failure-they-should-embrace-it\/","url":"https:\/\/www.startupoasis.co\/fr\/entrepreneurs-should-not-fear-failure-they-should-embrace-it\/","name":"Les entrepreneurs ne doivent pas craindre l'\u00e9chec. Ils doivent l'accepter.","isPartOf":{"@id":"https:\/\/www.startupoasis.co\/#website"},"primaryImageOfPage":{"@id":"https:\/\/www.startupoasis.co\/fr\/entrepreneurs-should-not-fear-failure-they-should-embrace-it\/#primaryimage"},"image":{"@id":"https:\/\/www.startupoasis.co\/fr\/entrepreneurs-should-not-fear-failure-they-should-embrace-it\/#primaryimage"},"thumbnailUrl":"https:\/\/www.startupoasis.co\/wp-content\/uploads\/2021\/01\/entrepreneur-2326419_1280.jpg","datePublished":"2021-01-23T12:23:22+00:00","dateModified":"2021-01-23T12:23:25+00:00","description":"L'\u00e9chec est le secret de la r\u00e9ussite. Chez Startup Oasis, nous vous aidons \u00e0 r\u00e9aliser vos r\u00eaves en construisant le MVP de vos r\u00eaves. Nous pouvons \u00e9galement vous donner des conseils pour surmonter votre peur de l'\u00e9chec.","breadcrumb":{"@id":"https:\/\/www.startupoasis.co\/fr\/entrepreneurs-should-not-fear-failure-they-should-embrace-it\/#breadcrumb"},"inLanguage":"fr-FR","potentialAction":[{"@type":"ReadAction","target":["https:\/\/www.startupoasis.co\/fr\/entrepreneurs-should-not-fear-failure-they-should-embrace-it\/"]}]},{"@type":"ImageObject","inLanguage":"fr-FR","@id":"https:\/\/www.startupoasis.co\/fr\/entrepreneurs-should-not-fear-failure-they-should-embrace-it\/#primaryimage","url":"https:\/\/www.startupoasis.co\/wp-content\/uploads\/2021\/01\/entrepreneur-2326419_1280.jpg","contentUrl":"https:\/\/www.startupoasis.co\/wp-content\/uploads\/2021\/01\/entrepreneur-2326419_1280.jpg","width":1280,"height":854},{"@type":"BreadcrumbList","@id":"https:\/\/www.startupoasis.co\/fr\/entrepreneurs-should-not-fear-failure-they-should-embrace-it\/#breadcrumb","itemListElement":[{"@type":"ListItem","position":1,"name":"Home","item":"https:\/\/www.startupoasis.co\/"},{"@type":"ListItem","position":2,"name":"Entrepreneurs should not fear failure. They should embrace it."}]},{"@type":"WebSite","@id":"https:\/\/www.startupoasis.co\/#website","url":"https:\/\/www.startupoasis.co\/","name":"Startup Oasis","description":"Installations tout compris (maison et agence) pour les fondateurs de startups.","publisher":{"@id":"https:\/\/www.startupoasis.co\/#organization"},"potentialAction":[{"@type":"SearchAction","target":{"@type":"EntryPoint","urlTemplate":"https:\/\/www.startupoasis.co\/?s={search_term_string}"},"query-input":{"@type":"PropertyValueSpecification","valueRequired":true,"valueName":"search_term_string"}}],"inLanguage":"fr-FR"},{"@type":"Organization","@id":"https:\/\/www.startupoasis.co\/#organization","name":"Startup Oasis","url":"https:\/\/www.startupoasis.co\/","logo":{"@type":"ImageObject","inLanguage":"fr-FR","@id":"https:\/\/www.startupoasis.co\/#\/schema\/logo\/image\/","url":"https:\/\/www.startupoasis.co\/wp-content\/uploads\/2020\/12\/startupoasis-by-startechup.svg","contentUrl":"https:\/\/www.startupoasis.co\/wp-content\/uploads\/2020\/12\/startupoasis-by-startechup.svg","width":206,"height":51,"caption":"Startup Oasis"},"image":{"@id":"https:\/\/www.startupoasis.co\/#\/schema\/logo\/image\/"}}]}},"_links":{"self":[{"href":"https:\/\/www.startupoasis.co\/fr\/wp-json\/wp\/v2\/pages\/1385","targetHints":{"allow":["GET"]}}],"collection":[{"href":"https:\/\/www.startupoasis.co\/fr\/wp-json\/wp\/v2\/pages"}],"about":[{"href":"https:\/\/www.startupoasis.co\/fr\/wp-json\/wp\/v2\/types\/page"}],"author":[{"embeddable":true,"href":"https:\/\/www.startupoasis.co\/fr\/wp-json\/wp\/v2\/users\/3"}],"replies":[{"embeddable":true,"href":"https:\/\/www.startupoasis.co\/fr\/wp-json\/wp\/v2\/comments?post=1385"}],"version-history":[{"count":0,"href":"https:\/\/www.startupoasis.co\/fr\/wp-json\/wp\/v2\/pages\/1385\/revisions"}],"wp:featuredmedia":[{"embeddable":true,"href":"https:\/\/www.startupoasis.co\/fr\/wp-json\/wp\/v2\/media\/1386"}],"wp:attachment":[{"href":"https:\/\/www.startupoasis.co\/fr\/wp-json\/wp\/v2\/media?parent=1385"}],"curies":[{"name":"wp","href":"https:\/\/api.w.org\/{rel}","templated":true}]}}