{"id":1416,"date":"2021-01-26T10:34:15","date_gmt":"2021-01-26T10:34:15","guid":{"rendered":"https:\/\/www.startupoasis.co\/?page_id=1416"},"modified":"2021-01-26T10:34:19","modified_gmt":"2021-01-26T10:34:19","slug":"thank-you-for-your-booking","status":"publish","type":"page","link":"https:\/\/www.startupoasis.co\/fr\/thank-you-for-your-booking\/","title":{"rendered":"Merci pour votre r\u00e9servation"},"content":{"rendered":"<div class=\"n2_clear\"><ss3-force-full-width data-overflow-x=\"body\" data-horizontal-selector=\"body\"><div class=\"n2-section-smartslider fitvidsignore  n2_clear\" data-ssid=\"2\" tabindex=\"0\" role=\"region\" aria-label=\"Slider\"><div id=\"n2-ss-2-align\" class=\"n2-ss-align\"><div class=\"n2-padding\"><div id=\"n2-ss-2\" data-creator=\"Smart Slider 3\" data-responsive=\"fullwidth\" class=\"n2-ss-slider n2-ow n2-has-hover n2notransition\">\n        <div class=\"n2-ss-slider-1 n2_ss__touch_element n2-ow\">\n            <div class=\"n2-ss-slider-2 n2-ow\">\n                                                <div class=\"n2-ss-slider-3 n2-ow\">\n\n                    <div class=\"n2-ss-slide-backgrounds n2-ow-all\"><div class=\"n2-ss-slide-background\" data-public-id=\"1\" data-mode=\"fill\"><div class=\"n2-ss-slide-background-image\" data-blur=\"0\" data-opacity=\"100\" data-x=\"50\" data-y=\"50\" data-alt=\"\" data-title=\"\"><picture class=\"skip-lazy\" data-skip-lazy=\"1\"><img decoding=\"async\" src=\"\/\/www.startupoasis.co\/wp-content\/uploads\/2020\/10\/Header-pricing_how-it-works.png\" alt=\"\" title=\"\" loading=\"lazy\" class=\"skip-lazy\" data-skip-lazy=\"1\"><\/picture><\/div><div data-color=\"RGBA(255,255,255,0)\" style=\"background-color: RGBA(255,255,255,0);\" class=\"n2-ss-slide-background-color\"><\/div><\/div><\/div>                    <div class=\"n2-ss-slider-4 n2-ow\">\n                        <svg xmlns=\"http:\/\/www.w3.org\/2000\/svg\" viewbox=\"0 0 1080 600\" data-related-device=\"desktopPortrait\" class=\"n2-ow n2-ss-preserve-size n2-ss-preserve-size--slider n2-ss-slide-limiter\"><\/svg><div data-first=\"1\" data-slide-duration=\"0\" data-id=\"30\" data-slide-public-id=\"1\" data-title=\"Header - pricing_how it works\" class=\"n2-ss-slide n2-ow  n2-ss-slide-30\"><div role=\"note\" class=\"n2-ss-slide--focus\" tabindex=\"-1\">En-t\u00eate - tarification_comment \u00e7a marche<\/div><div class=\"n2-ss-layers-container n2-ss-slide-limiter n2-ow\"><div class=\"n2-ss-layer n2-ow n-uc-mceKKh4fPwec\" data-sstype=\"slide\" data-pm=\"default\"><div class=\"n2-ss-layer n2-ow n-uc-1e76f8c055cdb\" data-pm=\"default\" data-sstype=\"content\" data-hasbackground=\"0\"><div class=\"n2-ss-section-main-content n2-ss-layer-with-background n2-ss-layer-content n2-ow n-uc-1e76f8c055cdb-inner\"><div class=\"n2-ss-layer n2-ow text-align: left; font: normal normal normal 105px\/95px Have Heart One; letter-spacing: 0px; color: #463C6E; opacity: 1; n-uc-KmwHExSM8aBz\" data-pm=\"absolute\" data-responsiveposition=\"1\" data-desktopportraitleft=\"-77\" data-tabletportraitleft=\"-94\" data-mobileportraitleft=\"-93\" data-desktopportraittop=\"-76\" data-tabletportraittop=\"-96\" data-mobileportraittop=\"-68\" data-responsivesize=\"1\" data-desktopportraitwidth=\"820\" data-tabletportraitwidth=\"971\" data-mobileportraitwidth=\"915\" data-desktopportraitheight=\"152\" data-tabletportraitheight=\"188\" data-mobileportraitheight=\"161\" data-desktopportraitalign=\"center\" data-tabletportraitalign=\"center\" data-mobileportraitalign=\"center\" data-desktopportraitvalign=\"middle\" data-tabletportraitvalign=\"middle\" data-mobileportraitvalign=\"middle\" data-parentid=\"\" data-desktopportraitparentalign=\"center\" data-desktopportraitparentvalign=\"middle\" data-sstype=\"layer\"><div id=\"n2-ss-2item1\" class=\"n2-font-a87edd6d3c068d97b39320b8de35fa2b-hover   n2-ss-item-content n2-ss-text n2-ow\" style=\"display:block;\">L\u00e0 o\u00f9 votre id\u00e9e devient digitale<\/div><\/div><div class=\"n2-ss-layer n2-ow n-uc-oyWZqvrSxCCf\" data-pm=\"absolute\" data-responsiveposition=\"1\" data-desktopportraitleft=\"411\" data-tabletportraitleft=\"388\" data-mobileportraitleft=\"315\" data-desktopportraittop=\"-76\" data-tabletportraittop=\"-97\" data-mobileportraittop=\"-95\" data-responsivesize=\"1\" data-desktopportraitwidth=\"157\" data-mobileportraitwidth=\"138\" data-desktopportraitheight=\"auto\" data-mobileportraitheight=\"108\" data-desktopportraitalign=\"center\" data-mobileportraitalign=\"center\" data-desktopportraitvalign=\"middle\" data-mobileportraitvalign=\"middle\" data-parentid=\"\" data-desktopportraitparentalign=\"center\" data-desktopportraitparentvalign=\"middle\" data-sstype=\"layer\"><div class=\"n2-ss-item-image-content n2-ss-item-content n2-ow-all\"><img decoding=\"async\" id=\"n2-ss-2item2\" alt=\"\" class=\"skip-lazy\" data-skip-lazy=\"1\" src=\"\/\/www.startupoasis.co\/wp-content\/uploads\/2020\/10\/UP.svg\" \/><\/div><\/div><div class=\"n2-ss-layer n2-ow n-uc-L1hnESHVHmSY\" data-pm=\"absolute\" data-responsiveposition=\"1\" data-desktopportraitleft=\"0\" data-tabletportraitleft=\"2\" data-mobileportraitleft=\"-19\" data-desktopportraittop=\"33\" data-tabletportraittop=\"34\" data-mobileportraittop=\"36\" data-responsivesize=\"1\" data-desktopportraitwidth=\"1161\" data-desktopportraitheight=\"auto\" data-desktopportraitalign=\"center\" data-desktopportraitvalign=\"middle\" data-parentid=\"\" data-desktopportraitparentalign=\"center\" data-desktopportraitparentvalign=\"middle\" data-sstype=\"layer\"><div id=\"n2-ss-2item3\" class=\"n2-font-14be2006f1a690fb5597e2aa85cd557e-hover   n2-ss-item-content n2-ss-text n2-ow\" style=\"display:block;\">UN CONCEPT TOUT EN UN POUR CR\u00c9ER VOTRE MVP<\/div><\/div><div class=\"n2-ss-layer n2-ow popmake-1618 n-uc-CdOZo3eLhuZT n2-ss-layer--auto\" data-pm=\"absolute\" data-responsiveposition=\"1\" data-desktopportraitleft=\"-141\" data-tabletportraitleft=\"-160\" data-mobileportraitleft=\"-154\" data-desktopportraittop=\"123\" data-tabletportraittop=\"146\" data-mobileportraittop=\"142\" data-responsivesize=\"1\" data-desktopportraitwidth=\"270\" data-tabletportraitwidth=\"460\" data-mobileportraitwidth=\"986\" data-desktopportraitheight=\"auto\" data-tabletportraitheight=\"auto\" data-mobileportraitheight=\"165\" data-desktopportraitalign=\"center\" data-tabletportraitalign=\"center\" data-mobileportraitalign=\"right\" data-desktopportraitvalign=\"middle\" data-tabletportraitvalign=\"middle\" data-mobileportraitvalign=\"middle\" data-parentid=\"\" data-desktopportraitparentalign=\"center\" data-desktopportraitparentvalign=\"middle\" data-hidemobileportrait=\"1\" data-sstype=\"layer\"><div class=\"n2-ss-button-container n2-ss-item-content n2-ow n2-font-9687c64f17aa9009de627a4eddfaa689-link  n2-ss-nowrap n2-ss-button-container--non-full-width\"><a class=\"n2-style-55805a23989f0fff084db148725a1715-heading  n2-ow\" onclick=\"return false;\" target=\"_blank\" href=\"#\"><div><div>Demandez votre consultation gratuite<\/div><\/div><\/a><\/div><\/div><div class=\"n2-ss-layer n2-ow n-uc-56icqION1BcT\" data-pm=\"absolute\" data-responsiveposition=\"1\" data-desktopportraitleft=\"593\" data-tabletportraitleft=\"225\" data-mobileportraitleft=\"688\" data-desktopportraittop=\"403\" data-tabletportraittop=\"-132\" data-mobileportraittop=\"425\" data-responsivesize=\"1\" data-desktopportraitwidth=\"101\" data-tabletportraitwidth=\"136\" data-mobileportraitwidth=\"263\" data-desktopportraitheight=\"auto\" data-tabletportraitheight=\"auto\" data-mobileportraitheight=\"auto\" data-desktopportraitalign=\"left\" data-tabletportraitalign=\"center\" data-mobileportraitalign=\"left\" data-desktopportraitvalign=\"top\" data-tabletportraitvalign=\"bottom\" data-mobileportraitvalign=\"top\" data-parentid=\"\" data-desktopportraitparentalign=\"center\" data-desktopportraitparentvalign=\"middle\" data-sstype=\"layer\"><div id=\"n2-ss-2item5\" class=\"n2-ss-item-content n2-ss-text n2-ow\" style=\"display:block;\"><a class=\"n2-ow n2-font-7b145391acbbcf28dae1cfaeae7310fb-hover\" style=\"display:block;\" target=\"_blank\" href=\"https:\/\/www.youtube.com\/watch?v=qYM7ZMVzpEQ\">Voir la vid\u00e9o<\/a><\/div><\/div><div class=\"n2-ss-layer n2-ow n-uc-RpdOxQjrFNjD\" data-pm=\"absolute\" data-responsiveposition=\"1\" data-desktopportraitleft=\"51\" data-tabletportraitleft=\"134\" data-mobileportraitleft=\"148\" data-desktopportraittop=\"128\" data-tabletportraittop=\"146\" data-mobileportraittop=\"195\" data-responsivesize=\"1\" data-desktopportraitwidth=\"34\" data-tabletportraitwidth=\"50\" data-mobileportraitwidth=\"154\" data-desktopportraitheight=\"42\" data-tabletportraitheight=\"53\" data-mobileportraitheight=\"120\" data-desktopportraitalign=\"center\" data-tabletportraitalign=\"center\" data-mobileportraitalign=\"center\" data-desktopportraitvalign=\"middle\" data-tabletportraitvalign=\"middle\" data-mobileportraitvalign=\"middle\" data-parentid=\"\" data-desktopportraitparentalign=\"center\" data-desktopportraitparentvalign=\"middle\" data-sstype=\"layer\"><div class=\"n2-ss-item-image-content n2-ss-item-content n2-ow-all\"><a target=\"_blank\" href=\"https:\/\/www.youtube.com\/watch?v=qYM7ZMVzpEQ\"><img decoding=\"async\" id=\"n2-ss-2item6\" alt=\"\" class=\"skip-lazy\" width=\"30\" height=\"30\" data-skip-lazy=\"1\" src=\"\/\/www.startupoasis.co\/wp-content\/uploads\/2020\/11\/startup-oasis-play-icon.png\" \/><\/a><\/div><\/div><div class=\"n2-ss-layer n2-ow popmake-859 n-uc-WVzcWS1BHyEL n2-ss-layer--auto\" data-pm=\"absolute\" data-responsiveposition=\"1\" data-desktopportraitleft=\"0\" data-mobileportraitleft=\"-141\" data-desktopportraittop=\"0\" data-mobileportraittop=\"201\" data-responsivesize=\"1\" data-desktopportraitwidth=\"auto\" data-mobileportraitwidth=\"499\" data-desktopportraitheight=\"auto\" data-mobileportraitheight=\"184\" data-desktopportraitalign=\"center\" data-mobileportraitalign=\"center\" data-desktopportraitvalign=\"middle\" data-mobileportraitvalign=\"middle\" data-parentid=\"\" data-desktopportraitparentalign=\"center\" data-desktopportraitparentvalign=\"middle\" data-hidedesktopportrait=\"1\" data-hidetabletportrait=\"1\" data-sstype=\"layer\"><div class=\"n2-ss-button-container n2-ss-item-content n2-ow n2-font-9687c64f17aa9009de627a4eddfaa689-link  n2-ss-nowrap n2-ss-button-container--non-full-width\"><a class=\"n2-style-42741d49e5f6889a60db19562a1673c1-heading  n2-ow\" onclick=\"return false;\" target=\"_blank\" href=\"#\"><div><div>Demandez votre consultation gratuite<\/div><\/div><\/a><\/div><\/div><\/div><\/div><\/div><\/div><\/div>                    <\/div>\n\n                                    <\/div>\n            <\/div>\n        <\/div>\n        <\/div><ss3-loader><\/ss3-loader><\/div><\/div><div class=\"n2_clear\"><\/div><\/div><\/ss3-force-full-width><\/div>\n\n\n<div class=\"wp-block-columns is-layout-flex wp-container-core-columns-is-layout-9d6595d7 wp-block-columns-is-layout-flex\">\n<div class=\"wp-block-column is-layout-flow wp-block-column-is-layout-flow\" style=\"flex-basis:45%\">\n<div class=\"alignfull wp-block-ugb-pricing-box ugb-pricing-box ugb-c71cccc ugb-pricing-box--v3 ugb-pricing-box--columns-1 ugb-pricing-box--design-plain ugb-main-block ugb-main-block--inner-center ugb--has-block-background\"><style>.ugb-c71cccc .ugb-img,.ugb-c71cccc .ugb-pricing-box__image{margin-left:0 !important;margin-right:auto !important}.ugb-c71cccc .ugb-pricing-box__title{color:#ffffff;font-family:\"Montserrat\",Sans-serif !important;font-size:22px !important;font-weight:500 !important;text-transform:uppercase !important;letter-spacing:-0.4px !important;text-align:left}.ugb-c71cccc.ugb-pricing-box{background-color:#463c6e}.ugb-c71cccc.ugb-pricing-box:before{background-color:#463c6e}@media screen and (min-width:768px){.ugb-c71cccc.ugb-pricing-box{padding-top:20px !important;padding-right:8px !important;padding-bottom:20px !important;padding-left:17px !important}}<\/style><div class=\"ugb-inner-block ugb-inner-block--center\"><div class=\"ugb-block-content\"><div class=\"ugb-pricing-box__item ugb-pricing-box__item1\"><div class=\"ugb-pricing-box__image\"><img decoding=\"async\" width=\"233\" height=\"40\" class=\"ugb-img wp-image-1219\" src=\"https:\/\/www.startupoasis.co\/wp-content\/uploads\/2020\/12\/startup-oasis-with-bg.svg\" alt=\"PR\u00c9PAREZ-VOUS \u00c0 VALIDER ET LANCER VOTRE ID\u00c9E DIGITALE\"\/><\/div><h2 class=\"ugb-pricing-box__title\">PR\u00c9PAREZ-VOUS \u00c0 VALIDER ET LANCER VOTRE ID\u00c9E DIGITALE<\/h2><\/div><\/div><\/div><\/div>\n<\/div>\n\n\n\n<div class=\"wp-block-column is-vertically-aligned-center is-layout-flow wp-block-column-is-layout-flow\" style=\"flex-basis:66.66%\">\n<p>Startup Oasis offre une exp\u00e9rience immersive pour construire votre produit Web\/Mobile. D\u00e8s le premier jour, vous disposez d'une \u00e9quipe compl\u00e8te de d\u00e9veloppeurs et de chefs de produit exp\u00e9riment\u00e9s pour cr\u00e9er votre produit minimum viable en quelques semaines seulement. Profitez de notre concept de d\u00e9veloppement de d\u00e9marrage tout compris !<\/p>\n<\/div>\n<\/div>","protected":false},"excerpt":{"rendered":"<p>Startup Oasis offre une exp\u00e9rience immersive pour construire votre produit Web\/Mobile. D\u00e8s le premier jour, vous disposez d'une \u00e9quipe compl\u00e8te de d\u00e9veloppeurs et de chefs de produit exp\u00e9riment\u00e9s pour cr\u00e9er votre produit minimum viable en quelques semaines seulement. Profitez de notre concept de d\u00e9veloppement de d\u00e9marrage tout compris !<\/p>","protected":false},"author":3,"featured_media":0,"parent":0,"menu_order":0,"comment_status":"closed","ping_status":"closed","template":"","meta":{"_acf_changed":false,"footnotes":""},"class_list":["post-1416","page","type-page","status-publish","hentry"],"acf":[],"yoast_head":"<!-- This site is optimized with the Yoast SEO plugin v27.3 - https:\/\/yoast.com\/product\/yoast-seo-wordpress\/ -->\n<title>Thank you for your booking - Startup Oasis<\/title>\n<meta name=\"robots\" content=\"index, follow, max-snippet:-1, max-image-preview:large, max-video-preview:-1\" \/>\n<link rel=\"canonical\" href=\"https:\/\/www.startupoasis.co\/fr\/thank-you-for-your-booking\/\" \/>\n<meta property=\"og:locale\" content=\"fr_FR\" \/>\n<meta property=\"og:type\" content=\"article\" \/>\n<meta property=\"og:title\" content=\"Thank you for your booking - Startup Oasis\" \/>\n<meta property=\"og:description\" content=\"Startup Oasis offers an immersive experience to build your Web\/Mobile product. From day 1 you get a full team of experienced developers and product managers to build your Minimum Viable Product in just few weeks. Enjoy our all-inclusive startup development concept !\" \/>\n<meta property=\"og:url\" content=\"https:\/\/www.startupoasis.co\/fr\/thank-you-for-your-booking\/\" \/>\n<meta property=\"og:site_name\" content=\"Startup Oasis\" \/>\n<meta property=\"article:modified_time\" content=\"2021-01-26T10:34:19+00:00\" \/>\n<meta property=\"og:image\" content=\"https:\/\/www.startupoasis.co\/wp-content\/uploads\/2020\/12\/startup-oasis-with-bg.svg\" \/>\n<meta name=\"twitter:card\" content=\"summary_large_image\" \/>\n<meta name=\"twitter:label1\" content=\"Dur\u00e9e de lecture estim\u00e9e\" \/>\n\t<meta name=\"twitter:data1\" content=\"1 minute\" \/>\n<script type=\"application\/ld+json\" class=\"yoast-schema-graph\">{\"@context\":\"https:\\\/\\\/schema.org\",\"@graph\":[{\"@type\":\"WebPage\",\"@id\":\"https:\\\/\\\/www.startupoasis.co\\\/thank-you-for-your-booking\\\/\",\"url\":\"https:\\\/\\\/www.startupoasis.co\\\/thank-you-for-your-booking\\\/\",\"name\":\"Thank you for your booking - Startup Oasis\",\"isPartOf\":{\"@id\":\"https:\\\/\\\/www.startupoasis.co\\\/#website\"},\"primaryImageOfPage\":{\"@id\":\"https:\\\/\\\/www.startupoasis.co\\\/thank-you-for-your-booking\\\/#primaryimage\"},\"image\":{\"@id\":\"https:\\\/\\\/www.startupoasis.co\\\/thank-you-for-your-booking\\\/#primaryimage\"},\"thumbnailUrl\":\"https:\\\/\\\/www.startupoasis.co\\\/wp-content\\\/uploads\\\/2020\\\/12\\\/startup-oasis-with-bg.svg\",\"datePublished\":\"2021-01-26T10:34:15+00:00\",\"dateModified\":\"2021-01-26T10:34:19+00:00\",\"breadcrumb\":{\"@id\":\"https:\\\/\\\/www.startupoasis.co\\\/thank-you-for-your-booking\\\/#breadcrumb\"},\"inLanguage\":\"fr-FR\",\"potentialAction\":[{\"@type\":\"ReadAction\",\"target\":[\"https:\\\/\\\/www.startupoasis.co\\\/thank-you-for-your-booking\\\/\"]}]},{\"@type\":\"ImageObject\",\"inLanguage\":\"fr-FR\",\"@id\":\"https:\\\/\\\/www.startupoasis.co\\\/thank-you-for-your-booking\\\/#primaryimage\",\"url\":\"https:\\\/\\\/www.startupoasis.co\\\/wp-content\\\/uploads\\\/2020\\\/12\\\/startup-oasis-with-bg.svg\",\"contentUrl\":\"https:\\\/\\\/www.startupoasis.co\\\/wp-content\\\/uploads\\\/2020\\\/12\\\/startup-oasis-with-bg.svg\"},{\"@type\":\"BreadcrumbList\",\"@id\":\"https:\\\/\\\/www.startupoasis.co\\\/thank-you-for-your-booking\\\/#breadcrumb\",\"itemListElement\":[{\"@type\":\"ListItem\",\"position\":1,\"name\":\"Home\",\"item\":\"https:\\\/\\\/www.startupoasis.co\\\/\"},{\"@type\":\"ListItem\",\"position\":2,\"name\":\"Thank you for your booking\"}]},{\"@type\":\"WebSite\",\"@id\":\"https:\\\/\\\/www.startupoasis.co\\\/#website\",\"url\":\"https:\\\/\\\/www.startupoasis.co\\\/\",\"name\":\"Startup Oasis\",\"description\":\"All-inclusive facilities (House &amp; Agency) for startup founders\",\"publisher\":{\"@id\":\"https:\\\/\\\/www.startupoasis.co\\\/#organization\"},\"potentialAction\":[{\"@type\":\"SearchAction\",\"target\":{\"@type\":\"EntryPoint\",\"urlTemplate\":\"https:\\\/\\\/www.startupoasis.co\\\/?s={search_term_string}\"},\"query-input\":{\"@type\":\"PropertyValueSpecification\",\"valueRequired\":true,\"valueName\":\"search_term_string\"}}],\"inLanguage\":\"fr-FR\"},{\"@type\":\"Organization\",\"@id\":\"https:\\\/\\\/www.startupoasis.co\\\/#organization\",\"name\":\"Startup Oasis\",\"url\":\"https:\\\/\\\/www.startupoasis.co\\\/\",\"logo\":{\"@type\":\"ImageObject\",\"inLanguage\":\"fr-FR\",\"@id\":\"https:\\\/\\\/www.startupoasis.co\\\/#\\\/schema\\\/logo\\\/image\\\/\",\"url\":\"https:\\\/\\\/www.startupoasis.co\\\/wp-content\\\/uploads\\\/2020\\\/12\\\/startupoasis-by-startechup.svg\",\"contentUrl\":\"https:\\\/\\\/www.startupoasis.co\\\/wp-content\\\/uploads\\\/2020\\\/12\\\/startupoasis-by-startechup.svg\",\"width\":206,\"height\":51,\"caption\":\"Startup Oasis\"},\"image\":{\"@id\":\"https:\\\/\\\/www.startupoasis.co\\\/#\\\/schema\\\/logo\\\/image\\\/\"}}]}<\/script>\n<!-- \/ Yoast SEO plugin. -->","yoast_head_json":{"title":"Merci pour votre r\u00e9servation - Startup Oasis","robots":{"index":"index","follow":"follow","max-snippet":"max-snippet:-1","max-image-preview":"max-image-preview:large","max-video-preview":"max-video-preview:-1"},"canonical":"https:\/\/www.startupoasis.co\/fr\/thank-you-for-your-booking\/","og_locale":"fr_FR","og_type":"article","og_title":"Thank you for your booking - Startup Oasis","og_description":"Startup Oasis offers an immersive experience to build your Web\/Mobile product. From day 1 you get a full team of experienced developers and product managers to build your Minimum Viable Product in just few weeks. Enjoy our all-inclusive startup development concept !","og_url":"https:\/\/www.startupoasis.co\/fr\/thank-you-for-your-booking\/","og_site_name":"Startup Oasis","article_modified_time":"2021-01-26T10:34:19+00:00","og_image":[{"url":"https:\/\/www.startupoasis.co\/wp-content\/uploads\/2020\/12\/startup-oasis-with-bg.svg","type":"","width":"","height":""}],"twitter_card":"summary_large_image","twitter_misc":{"Dur\u00e9e de lecture estim\u00e9e":"1 minute"},"schema":{"@context":"https:\/\/schema.org","@graph":[{"@type":"WebPage","@id":"https:\/\/www.startupoasis.co\/thank-you-for-your-booking\/","url":"https:\/\/www.startupoasis.co\/thank-you-for-your-booking\/","name":"Merci pour votre r\u00e9servation - Startup Oasis","isPartOf":{"@id":"https:\/\/www.startupoasis.co\/#website"},"primaryImageOfPage":{"@id":"https:\/\/www.startupoasis.co\/thank-you-for-your-booking\/#primaryimage"},"image":{"@id":"https:\/\/www.startupoasis.co\/thank-you-for-your-booking\/#primaryimage"},"thumbnailUrl":"https:\/\/www.startupoasis.co\/wp-content\/uploads\/2020\/12\/startup-oasis-with-bg.svg","datePublished":"2021-01-26T10:34:15+00:00","dateModified":"2021-01-26T10:34:19+00:00","breadcrumb":{"@id":"https:\/\/www.startupoasis.co\/thank-you-for-your-booking\/#breadcrumb"},"inLanguage":"fr-FR","potentialAction":[{"@type":"ReadAction","target":["https:\/\/www.startupoasis.co\/thank-you-for-your-booking\/"]}]},{"@type":"ImageObject","inLanguage":"fr-FR","@id":"https:\/\/www.startupoasis.co\/thank-you-for-your-booking\/#primaryimage","url":"https:\/\/www.startupoasis.co\/wp-content\/uploads\/2020\/12\/startup-oasis-with-bg.svg","contentUrl":"https:\/\/www.startupoasis.co\/wp-content\/uploads\/2020\/12\/startup-oasis-with-bg.svg"},{"@type":"BreadcrumbList","@id":"https:\/\/www.startupoasis.co\/thank-you-for-your-booking\/#breadcrumb","itemListElement":[{"@type":"ListItem","position":1,"name":"Home","item":"https:\/\/www.startupoasis.co\/"},{"@type":"ListItem","position":2,"name":"Thank you for your booking"}]},{"@type":"WebSite","@id":"https:\/\/www.startupoasis.co\/#website","url":"https:\/\/www.startupoasis.co\/","name":"Startup Oasis","description":"Installations tout compris (maison et agence) pour les fondateurs de startups.","publisher":{"@id":"https:\/\/www.startupoasis.co\/#organization"},"potentialAction":[{"@type":"SearchAction","target":{"@type":"EntryPoint","urlTemplate":"https:\/\/www.startupoasis.co\/?s={search_term_string}"},"query-input":{"@type":"PropertyValueSpecification","valueRequired":true,"valueName":"search_term_string"}}],"inLanguage":"fr-FR"},{"@type":"Organization","@id":"https:\/\/www.startupoasis.co\/#organization","name":"Startup Oasis","url":"https:\/\/www.startupoasis.co\/","logo":{"@type":"ImageObject","inLanguage":"fr-FR","@id":"https:\/\/www.startupoasis.co\/#\/schema\/logo\/image\/","url":"https:\/\/www.startupoasis.co\/wp-content\/uploads\/2020\/12\/startupoasis-by-startechup.svg","contentUrl":"https:\/\/www.startupoasis.co\/wp-content\/uploads\/2020\/12\/startupoasis-by-startechup.svg","width":206,"height":51,"caption":"Startup Oasis"},"image":{"@id":"https:\/\/www.startupoasis.co\/#\/schema\/logo\/image\/"}}]}},"_links":{"self":[{"href":"https:\/\/www.startupoasis.co\/fr\/wp-json\/wp\/v2\/pages\/1416","targetHints":{"allow":["GET"]}}],"collection":[{"href":"https:\/\/www.startupoasis.co\/fr\/wp-json\/wp\/v2\/pages"}],"about":[{"href":"https:\/\/www.startupoasis.co\/fr\/wp-json\/wp\/v2\/types\/page"}],"author":[{"embeddable":true,"href":"https:\/\/www.startupoasis.co\/fr\/wp-json\/wp\/v2\/users\/3"}],"replies":[{"embeddable":true,"href":"https:\/\/www.startupoasis.co\/fr\/wp-json\/wp\/v2\/comments?post=1416"}],"version-history":[{"count":0,"href":"https:\/\/www.startupoasis.co\/fr\/wp-json\/wp\/v2\/pages\/1416\/revisions"}],"wp:attachment":[{"href":"https:\/\/www.startupoasis.co\/fr\/wp-json\/wp\/v2\/media?parent=1416"}],"curies":[{"name":"wp","href":"https:\/\/api.w.org\/{rel}","templated":true}]}}