{"id":29,"date":"2020-09-22T05:33:55","date_gmt":"2020-09-22T05:33:55","guid":{"rendered":"http:\/\/35.198.127.7\/?page_id=29"},"modified":"2021-02-26T11:02:10","modified_gmt":"2021-02-26T11:02:10","slug":"team-and-client-reviews","status":"publish","type":"page","link":"https:\/\/www.startupoasis.co\/fr\/who-we-are\/team-and-client-reviews\/","title":{"rendered":"Examens de l'\u00e9quipe et des clients"},"content":{"rendered":"<div class=\"n2_clear\"><ss3-force-full-width data-overflow-x=\"body\" data-horizontal-selector=\"body\"><div class=\"n2-section-smartslider fitvidsignore  n2_clear\" data-ssid=\"6\" tabindex=\"0\" role=\"region\" aria-label=\"Slider\"><div id=\"n2-ss-6-align\" class=\"n2-ss-align\"><div class=\"n2-padding\"><div id=\"n2-ss-6\" data-creator=\"Smart Slider 3\" data-responsive=\"fullwidth\" class=\"n2-ss-slider n2-ow n2-has-hover n2notransition\">\n        <div class=\"n2-ss-slider-1 n2_ss__touch_element n2-ow\">\n            <div class=\"n2-ss-slider-2 n2-ow\">\n                                                <div class=\"n2-ss-slider-3 n2-ow\">\n\n                    <div class=\"n2-ss-slide-backgrounds n2-ow-all\"><div class=\"n2-ss-slide-background\" data-public-id=\"1\" data-mode=\"fill\"><div class=\"n2-ss-slide-background-image\" data-blur=\"0\" data-opacity=\"100\" data-x=\"50\" data-y=\"50\" data-alt=\"\" data-title=\"\"><picture class=\"skip-lazy\" data-skip-lazy=\"1\"><img decoding=\"async\" src=\"\/\/www.startupoasis.co\/wp-content\/uploads\/2020\/10\/Header-testimonials.png\" alt=\"\" title=\"\" loading=\"lazy\" class=\"skip-lazy\" data-skip-lazy=\"1\"><\/picture><\/div><div data-color=\"RGBA(255,255,255,0)\" style=\"background-color: RGBA(255,255,255,0);\" class=\"n2-ss-slide-background-color\"><\/div><\/div><\/div>                    <div class=\"n2-ss-slider-4 n2-ow\">\n                        <svg xmlns=\"http:\/\/www.w3.org\/2000\/svg\" viewbox=\"0 0 1200 600\" data-related-device=\"desktopPortrait\" class=\"n2-ow n2-ss-preserve-size n2-ss-preserve-size--slider n2-ss-slide-limiter\"><\/svg><div data-first=\"1\" data-slide-duration=\"0\" data-id=\"21\" data-slide-public-id=\"1\" data-title=\"Header - testimonials\" class=\"n2-ss-slide n2-ow  n2-ss-slide-21\"><div role=\"note\" class=\"n2-ss-slide--focus\" tabindex=\"-1\">En-t\u00eate - t\u00e9moignages<\/div><div class=\"n2-ss-layers-container n2-ss-slide-limiter n2-ow\"><div class=\"n2-ss-layer n2-ow n-uc-tJO6R80BztYh\" data-sstype=\"slide\" data-pm=\"default\"><div class=\"n2-ss-layer n2-ow n-uc-1896b0d8f1aff\" data-pm=\"default\" data-sstype=\"content\" data-hasbackground=\"0\"><div class=\"n2-ss-section-main-content n2-ss-layer-with-background n2-ss-layer-content n2-ow n-uc-1896b0d8f1aff-inner\"><div class=\"n2-ss-layer n2-ow n-uc-LMY8Yhkp4554\" data-pm=\"absolute\" data-responsiveposition=\"1\" data-desktopportraitleft=\"-225\" data-tabletportraitleft=\"-318\" data-mobileportraitleft=\"-195\" data-desktopportraittop=\"-59\" data-tabletportraittop=\"-85\" data-mobileportraittop=\"-21\" data-responsivesize=\"1\" data-desktopportraitwidth=\"501\" data-tabletportraitwidth=\"787\" data-mobileportraitwidth=\"683\" data-desktopportraitheight=\"auto\" data-tabletportraitheight=\"auto\" data-mobileportraitheight=\"auto\" data-desktopportraitalign=\"center\" data-tabletportraitalign=\"right\" data-mobileportraitalign=\"center\" data-desktopportraitvalign=\"middle\" data-tabletportraitvalign=\"middle\" data-mobileportraitvalign=\"middle\" data-parentid=\"\" data-desktopportraitparentalign=\"center\" data-desktopportraitparentvalign=\"middle\" data-sstype=\"layer\"><div id=\"n2-ss-6item1\" class=\"n2-font-a87edd6d3c068d97b39320b8de35fa2b-hover   n2-ss-item-content n2-ss-text n2-ow\" style=\"display:block;\">Comment conserver<\/div><\/div><div class=\"n2-ss-layer n2-ow n-uc-OgTSCFnSshUQ\" data-pm=\"absolute\" data-responsiveposition=\"1\" data-desktopportraitleft=\"78\" data-tabletportraitleft=\"330\" data-mobileportraitleft=\"186\" data-desktopportraittop=\"-58\" data-tabletportraittop=\"-86\" data-mobileportraittop=\"-21\" data-responsivesize=\"1\" data-desktopportraitwidth=\"125\" data-tabletportraitwidth=\"171\" data-mobileportraitwidth=\"184\" data-desktopportraitheight=\"auto\" data-tabletportraitheight=\"auto\" data-mobileportraitheight=\"auto\" data-desktopportraitalign=\"center\" data-tabletportraitalign=\"center\" data-mobileportraitalign=\"center\" data-desktopportraitvalign=\"middle\" data-tabletportraitvalign=\"middle\" data-mobileportraitvalign=\"middle\" data-parentid=\"\" data-desktopportraitparentalign=\"center\" data-desktopportraitparentvalign=\"middle\" data-sstype=\"layer\"><div class=\"n2-ss-item-image-content n2-ss-item-content n2-ow-all\"><img decoding=\"async\" id=\"n2-ss-6item2\" alt=\"\" class=\"skip-lazy\" data-skip-lazy=\"1\" src=\"\/\/www.startupoasis.co\/wp-content\/uploads\/2020\/10\/UP.svg\" \/><\/div><\/div><div class=\"n2-ss-layer n2-ow n-uc-j5RAvA9gpdui\" data-pm=\"absolute\" data-responsiveposition=\"1\" data-desktopportraitleft=\"192\" data-tabletportraitleft=\"476\" data-mobileportraitleft=\"351\" data-desktopportraittop=\"-59\" data-tabletportraittop=\"-86\" data-mobileportraittop=\"-21\" data-responsivesize=\"1\" data-desktopportraitwidth=\"103\" data-desktopportraitheight=\"auto\" data-desktopportraitalign=\"center\" data-desktopportraitvalign=\"middle\" data-parentid=\"\" data-desktopportraitparentalign=\"center\" data-desktopportraitparentvalign=\"middle\" data-sstype=\"layer\"><div id=\"n2-ss-6item3\" class=\"n2-font-a87edd6d3c068d97b39320b8de35fa2b-hover   n2-ss-item-content n2-ss-text n2-ow\" style=\"display:block;\">?<\/div><\/div><div class=\"n2-ss-layer n2-ow n-uc-MqNipxSYO08F\" data-pm=\"absolute\" data-responsiveposition=\"1\" data-desktopportraitleft=\"-120\" data-tabletportraitleft=\"-1\" data-mobileportraitleft=\"-69\" data-desktopportraittop=\"68\" data-tabletportraittop=\"132\" data-mobileportraittop=\"169\" data-responsivesize=\"1\" data-desktopportraitwidth=\"930\" data-mobileportraitwidth=\"1024\" data-desktopportraitheight=\"auto\" data-mobileportraitheight=\"auto\" data-desktopportraitalign=\"center\" data-mobileportraitalign=\"center\" data-desktopportraitvalign=\"middle\" data-mobileportraitvalign=\"middle\" data-parentid=\"\" data-desktopportraitparentalign=\"center\" data-desktopportraitparentvalign=\"middle\" data-sstype=\"layer\"><div id=\"n2-ss-6item4\" class=\"n2-font-b6d8407a3f0e0b3e57d6dbac35527163-hover   n2-ss-item-content n2-ss-text n2-ow\" style=\"display:block;\">NOUS NOUS SOUCIONS DE NOTRE CLIENT<br>SUR LE R\u00c9SULTAT<\/div><\/div><\/div><\/div><\/div><\/div><\/div>                    <\/div>\n\n                                    <\/div>\n            <\/div>\n        <\/div>\n        <\/div><ss3-loader><\/ss3-loader><\/div><\/div><div class=\"n2_clear\"><\/div><\/div><\/ss3-force-full-width><\/div>","protected":false},"excerpt":{"rendered":"","protected":false},"author":3,"featured_media":0,"parent":12,"menu_order":0,"comment_status":"closed","ping_status":"closed","template":"templates\/template-testimonials.php","meta":{"_acf_changed":false,"footnotes":""},"class_list":["post-29","page","type-page","status-publish","hentry"],"acf":[],"yoast_head":"<!-- This site is optimized with the Yoast SEO plugin v27.3 - https:\/\/yoast.com\/product\/yoast-seo-wordpress\/ -->\n<title>Hire the right outsourcing partner based on customer and team reviews<\/title>\n<meta name=\"description\" content=\"Team review and client testimonials are some important factors to look at when you look to hire an outsourcing partner\" \/>\n<meta name=\"robots\" content=\"index, follow, max-snippet:-1, max-image-preview:large, max-video-preview:-1\" \/>\n<link rel=\"canonical\" href=\"https:\/\/www.startupoasis.co\/fr\/who-we-are\/team-and-client-reviews\/\" \/>\n<meta property=\"og:locale\" content=\"fr_FR\" \/>\n<meta property=\"og:type\" content=\"article\" \/>\n<meta property=\"og:title\" content=\"Hire the right outsourcing partner based on customer and team reviews\" \/>\n<meta property=\"og:description\" content=\"Team review and client testimonials are some important factors to look at when you look to hire an outsourcing partner\" \/>\n<meta property=\"og:url\" content=\"https:\/\/www.startupoasis.co\/fr\/who-we-are\/team-and-client-reviews\/\" \/>\n<meta property=\"og:site_name\" content=\"Startup Oasis\" \/>\n<meta property=\"article:modified_time\" content=\"2021-02-26T11:02:10+00:00\" \/>\n<meta name=\"twitter:card\" content=\"summary_large_image\" \/>\n<script type=\"application\/ld+json\" class=\"yoast-schema-graph\">{\"@context\":\"https:\\\/\\\/schema.org\",\"@graph\":[{\"@type\":\"WebPage\",\"@id\":\"https:\\\/\\\/www.startupoasis.co\\\/who-we-are\\\/team-and-client-reviews\\\/\",\"url\":\"https:\\\/\\\/www.startupoasis.co\\\/who-we-are\\\/team-and-client-reviews\\\/\",\"name\":\"Hire the right outsourcing partner based on customer and team reviews\",\"isPartOf\":{\"@id\":\"https:\\\/\\\/www.startupoasis.co\\\/#website\"},\"datePublished\":\"2020-09-22T05:33:55+00:00\",\"dateModified\":\"2021-02-26T11:02:10+00:00\",\"description\":\"Team review and client testimonials are some important factors to look at when you look to hire an outsourcing partner\",\"breadcrumb\":{\"@id\":\"https:\\\/\\\/www.startupoasis.co\\\/who-we-are\\\/team-and-client-reviews\\\/#breadcrumb\"},\"inLanguage\":\"fr-FR\",\"potentialAction\":[{\"@type\":\"ReadAction\",\"target\":[\"https:\\\/\\\/www.startupoasis.co\\\/who-we-are\\\/team-and-client-reviews\\\/\"]}]},{\"@type\":\"BreadcrumbList\",\"@id\":\"https:\\\/\\\/www.startupoasis.co\\\/who-we-are\\\/team-and-client-reviews\\\/#breadcrumb\",\"itemListElement\":[{\"@type\":\"ListItem\",\"position\":1,\"name\":\"Home\",\"item\":\"https:\\\/\\\/www.startupoasis.co\\\/\"},{\"@type\":\"ListItem\",\"position\":2,\"name\":\"Who we are\",\"item\":\"https:\\\/\\\/www.startupoasis.co\\\/who-we-are\\\/\"},{\"@type\":\"ListItem\",\"position\":3,\"name\":\"Team &#038; Client Reviews\"}]},{\"@type\":\"WebSite\",\"@id\":\"https:\\\/\\\/www.startupoasis.co\\\/#website\",\"url\":\"https:\\\/\\\/www.startupoasis.co\\\/\",\"name\":\"Startup Oasis\",\"description\":\"All-inclusive facilities (House &amp; Agency) for startup founders\",\"publisher\":{\"@id\":\"https:\\\/\\\/www.startupoasis.co\\\/#organization\"},\"potentialAction\":[{\"@type\":\"SearchAction\",\"target\":{\"@type\":\"EntryPoint\",\"urlTemplate\":\"https:\\\/\\\/www.startupoasis.co\\\/?s={search_term_string}\"},\"query-input\":{\"@type\":\"PropertyValueSpecification\",\"valueRequired\":true,\"valueName\":\"search_term_string\"}}],\"inLanguage\":\"fr-FR\"},{\"@type\":\"Organization\",\"@id\":\"https:\\\/\\\/www.startupoasis.co\\\/#organization\",\"name\":\"Startup Oasis\",\"url\":\"https:\\\/\\\/www.startupoasis.co\\\/\",\"logo\":{\"@type\":\"ImageObject\",\"inLanguage\":\"fr-FR\",\"@id\":\"https:\\\/\\\/www.startupoasis.co\\\/#\\\/schema\\\/logo\\\/image\\\/\",\"url\":\"https:\\\/\\\/www.startupoasis.co\\\/wp-content\\\/uploads\\\/2020\\\/12\\\/startupoasis-by-startechup.svg\",\"contentUrl\":\"https:\\\/\\\/www.startupoasis.co\\\/wp-content\\\/uploads\\\/2020\\\/12\\\/startupoasis-by-startechup.svg\",\"width\":206,\"height\":51,\"caption\":\"Startup Oasis\"},\"image\":{\"@id\":\"https:\\\/\\\/www.startupoasis.co\\\/#\\\/schema\\\/logo\\\/image\\\/\"}}]}<\/script>\n<!-- \/ Yoast SEO plugin. -->","yoast_head_json":{"title":"Engager le bon partenaire d'externalisation sur la base des \u00e9valuations des clients et des \u00e9quipes","description":"L'examen de l'\u00e9quipe et les t\u00e9moignages des clients sont des facteurs importants \u00e0 prendre en compte lorsque vous cherchez \u00e0 engager un partenaire d'externalisation","robots":{"index":"index","follow":"follow","max-snippet":"max-snippet:-1","max-image-preview":"max-image-preview:large","max-video-preview":"max-video-preview:-1"},"canonical":"https:\/\/www.startupoasis.co\/fr\/who-we-are\/team-and-client-reviews\/","og_locale":"fr_FR","og_type":"article","og_title":"Hire the right outsourcing partner based on customer and team reviews","og_description":"Team review and client testimonials are some important factors to look at when you look to hire an outsourcing partner","og_url":"https:\/\/www.startupoasis.co\/fr\/who-we-are\/team-and-client-reviews\/","og_site_name":"Startup Oasis","article_modified_time":"2021-02-26T11:02:10+00:00","twitter_card":"summary_large_image","schema":{"@context":"https:\/\/schema.org","@graph":[{"@type":"WebPage","@id":"https:\/\/www.startupoasis.co\/who-we-are\/team-and-client-reviews\/","url":"https:\/\/www.startupoasis.co\/who-we-are\/team-and-client-reviews\/","name":"Engager le bon partenaire d'externalisation sur la base des \u00e9valuations des clients et des \u00e9quipes","isPartOf":{"@id":"https:\/\/www.startupoasis.co\/#website"},"datePublished":"2020-09-22T05:33:55+00:00","dateModified":"2021-02-26T11:02:10+00:00","description":"L'examen de l'\u00e9quipe et les t\u00e9moignages des clients sont des facteurs importants \u00e0 prendre en compte lorsque vous cherchez \u00e0 engager un partenaire d'externalisation","breadcrumb":{"@id":"https:\/\/www.startupoasis.co\/who-we-are\/team-and-client-reviews\/#breadcrumb"},"inLanguage":"fr-FR","potentialAction":[{"@type":"ReadAction","target":["https:\/\/www.startupoasis.co\/who-we-are\/team-and-client-reviews\/"]}]},{"@type":"BreadcrumbList","@id":"https:\/\/www.startupoasis.co\/who-we-are\/team-and-client-reviews\/#breadcrumb","itemListElement":[{"@type":"ListItem","position":1,"name":"Home","item":"https:\/\/www.startupoasis.co\/"},{"@type":"ListItem","position":2,"name":"Who we are","item":"https:\/\/www.startupoasis.co\/who-we-are\/"},{"@type":"ListItem","position":3,"name":"Team &#038; Client Reviews"}]},{"@type":"WebSite","@id":"https:\/\/www.startupoasis.co\/#website","url":"https:\/\/www.startupoasis.co\/","name":"Startup Oasis","description":"Installations tout compris (maison et agence) pour les fondateurs de startups.","publisher":{"@id":"https:\/\/www.startupoasis.co\/#organization"},"potentialAction":[{"@type":"SearchAction","target":{"@type":"EntryPoint","urlTemplate":"https:\/\/www.startupoasis.co\/?s={search_term_string}"},"query-input":{"@type":"PropertyValueSpecification","valueRequired":true,"valueName":"search_term_string"}}],"inLanguage":"fr-FR"},{"@type":"Organization","@id":"https:\/\/www.startupoasis.co\/#organization","name":"Startup Oasis","url":"https:\/\/www.startupoasis.co\/","logo":{"@type":"ImageObject","inLanguage":"fr-FR","@id":"https:\/\/www.startupoasis.co\/#\/schema\/logo\/image\/","url":"https:\/\/www.startupoasis.co\/wp-content\/uploads\/2020\/12\/startupoasis-by-startechup.svg","contentUrl":"https:\/\/www.startupoasis.co\/wp-content\/uploads\/2020\/12\/startupoasis-by-startechup.svg","width":206,"height":51,"caption":"Startup Oasis"},"image":{"@id":"https:\/\/www.startupoasis.co\/#\/schema\/logo\/image\/"}}]}},"_links":{"self":[{"href":"https:\/\/www.startupoasis.co\/fr\/wp-json\/wp\/v2\/pages\/29","targetHints":{"allow":["GET"]}}],"collection":[{"href":"https:\/\/www.startupoasis.co\/fr\/wp-json\/wp\/v2\/pages"}],"about":[{"href":"https:\/\/www.startupoasis.co\/fr\/wp-json\/wp\/v2\/types\/page"}],"author":[{"embeddable":true,"href":"https:\/\/www.startupoasis.co\/fr\/wp-json\/wp\/v2\/users\/3"}],"replies":[{"embeddable":true,"href":"https:\/\/www.startupoasis.co\/fr\/wp-json\/wp\/v2\/comments?post=29"}],"version-history":[{"count":0,"href":"https:\/\/www.startupoasis.co\/fr\/wp-json\/wp\/v2\/pages\/29\/revisions"}],"up":[{"embeddable":true,"href":"https:\/\/www.startupoasis.co\/fr\/wp-json\/wp\/v2\/pages\/12"}],"wp:attachment":[{"href":"https:\/\/www.startupoasis.co\/fr\/wp-json\/wp\/v2\/media?parent=29"}],"curies":[{"name":"wp","href":"https:\/\/api.w.org\/{rel}","templated":true}]}}