{"id":367,"date":"2020-10-06T09:05:19","date_gmt":"2020-10-06T09:05:19","guid":{"rendered":"http:\/\/35.198.127.7\/?page_id=367"},"modified":"2020-12-03T17:01:53","modified_gmt":"2020-12-03T17:01:53","slug":"miscellaneous","status":"publish","type":"page","link":"https:\/\/www.startupoasis.co\/fr\/blog\/miscellaneous\/","title":{"rendered":"Divers"},"content":{"rendered":"","protected":false},"excerpt":{"rendered":"","protected":false},"author":3,"featured_media":0,"parent":31,"menu_order":0,"comment_status":"closed","ping_status":"closed","template":"templates\/template-blog-category.php","meta":{"_acf_changed":false,"footnotes":""},"class_list":["post-367","page","type-page","status-publish","hentry"],"acf":[],"yoast_head":"<!-- This site is optimized with the Yoast SEO plugin v27.3 - https:\/\/yoast.com\/product\/yoast-seo-wordpress\/ -->\n<title>Miscellaneous - Startup Oasis Minimum valuable product<\/title>\n<meta name=\"description\" content=\"A collection of stories designed to pass on relevant information related to technology and software development, a knowledge-sharing tool.\" \/>\n<meta name=\"robots\" content=\"index, follow, max-snippet:-1, max-image-preview:large, max-video-preview:-1\" \/>\n<link rel=\"canonical\" href=\"https:\/\/www.startupoasis.co\/fr\/blog\/miscellaneous\/\" \/>\n<meta property=\"og:locale\" content=\"fr_FR\" \/>\n<meta property=\"og:type\" content=\"article\" \/>\n<meta property=\"og:title\" content=\"Miscellaneous - Startup Oasis Minimum valuable product\" \/>\n<meta property=\"og:description\" content=\"A collection of stories designed to pass on relevant information related to technology and software development, a knowledge-sharing tool.\" \/>\n<meta property=\"og:url\" content=\"https:\/\/www.startupoasis.co\/fr\/blog\/miscellaneous\/\" \/>\n<meta property=\"og:site_name\" content=\"Startup Oasis\" \/>\n<meta property=\"article:modified_time\" content=\"2020-12-03T17:01:53+00:00\" \/>\n<meta name=\"twitter:card\" content=\"summary_large_image\" \/>\n<script type=\"application\/ld+json\" class=\"yoast-schema-graph\">{\"@context\":\"https:\\\/\\\/schema.org\",\"@graph\":[{\"@type\":\"WebPage\",\"@id\":\"https:\\\/\\\/www.startupoasis.co\\\/fr\\\/blog\\\/miscellaneous\\\/\",\"url\":\"https:\\\/\\\/www.startupoasis.co\\\/fr\\\/blog\\\/miscellaneous\\\/\",\"name\":\"Miscellaneous - Startup Oasis Minimum valuable product\",\"isPartOf\":{\"@id\":\"https:\\\/\\\/www.startupoasis.co\\\/#website\"},\"datePublished\":\"2020-10-06T09:05:19+00:00\",\"dateModified\":\"2020-12-03T17:01:53+00:00\",\"description\":\"A collection of stories designed to pass on relevant information related to technology and software development, a knowledge-sharing tool.\",\"breadcrumb\":{\"@id\":\"https:\\\/\\\/www.startupoasis.co\\\/fr\\\/blog\\\/miscellaneous\\\/#breadcrumb\"},\"inLanguage\":\"fr-FR\",\"potentialAction\":[{\"@type\":\"ReadAction\",\"target\":[\"https:\\\/\\\/www.startupoasis.co\\\/fr\\\/blog\\\/miscellaneous\\\/\"]}]},{\"@type\":\"BreadcrumbList\",\"@id\":\"https:\\\/\\\/www.startupoasis.co\\\/fr\\\/blog\\\/miscellaneous\\\/#breadcrumb\",\"itemListElement\":[{\"@type\":\"ListItem\",\"position\":1,\"name\":\"Home\",\"item\":\"https:\\\/\\\/www.startupoasis.co\\\/\"},{\"@type\":\"ListItem\",\"position\":2,\"name\":\"Blog\",\"item\":\"https:\\\/\\\/www.startupoasis.co\\\/blog\\\/\"},{\"@type\":\"ListItem\",\"position\":3,\"name\":\"Miscellaneous\"}]},{\"@type\":\"WebSite\",\"@id\":\"https:\\\/\\\/www.startupoasis.co\\\/#website\",\"url\":\"https:\\\/\\\/www.startupoasis.co\\\/\",\"name\":\"Startup Oasis\",\"description\":\"All-inclusive facilities (House &amp; Agency) for startup founders\",\"publisher\":{\"@id\":\"https:\\\/\\\/www.startupoasis.co\\\/#organization\"},\"potentialAction\":[{\"@type\":\"SearchAction\",\"target\":{\"@type\":\"EntryPoint\",\"urlTemplate\":\"https:\\\/\\\/www.startupoasis.co\\\/?s={search_term_string}\"},\"query-input\":{\"@type\":\"PropertyValueSpecification\",\"valueRequired\":true,\"valueName\":\"search_term_string\"}}],\"inLanguage\":\"fr-FR\"},{\"@type\":\"Organization\",\"@id\":\"https:\\\/\\\/www.startupoasis.co\\\/#organization\",\"name\":\"Startup Oasis\",\"url\":\"https:\\\/\\\/www.startupoasis.co\\\/\",\"logo\":{\"@type\":\"ImageObject\",\"inLanguage\":\"fr-FR\",\"@id\":\"https:\\\/\\\/www.startupoasis.co\\\/#\\\/schema\\\/logo\\\/image\\\/\",\"url\":\"https:\\\/\\\/www.startupoasis.co\\\/wp-content\\\/uploads\\\/2020\\\/12\\\/startupoasis-by-startechup.svg\",\"contentUrl\":\"https:\\\/\\\/www.startupoasis.co\\\/wp-content\\\/uploads\\\/2020\\\/12\\\/startupoasis-by-startechup.svg\",\"width\":206,\"height\":51,\"caption\":\"Startup Oasis\"},\"image\":{\"@id\":\"https:\\\/\\\/www.startupoasis.co\\\/#\\\/schema\\\/logo\\\/image\\\/\"}}]}<\/script>\n<!-- \/ Yoast SEO plugin. -->","yoast_head_json":{"title":"Divers - Startup Oasis Produit de valeur minimale","description":"Un recueil d'histoires con\u00e7u pour transmettre des informations pertinentes li\u00e9es \u00e0 la technologie et au d\u00e9veloppement de logiciels, un outil de partage des connaissances.","robots":{"index":"index","follow":"follow","max-snippet":"max-snippet:-1","max-image-preview":"max-image-preview:large","max-video-preview":"max-video-preview:-1"},"canonical":"https:\/\/www.startupoasis.co\/fr\/blog\/miscellaneous\/","og_locale":"fr_FR","og_type":"article","og_title":"Miscellaneous - Startup Oasis Minimum valuable product","og_description":"A collection of stories designed to pass on relevant information related to technology and software development, a knowledge-sharing tool.","og_url":"https:\/\/www.startupoasis.co\/fr\/blog\/miscellaneous\/","og_site_name":"Startup Oasis","article_modified_time":"2020-12-03T17:01:53+00:00","twitter_card":"summary_large_image","schema":{"@context":"https:\/\/schema.org","@graph":[{"@type":"WebPage","@id":"https:\/\/www.startupoasis.co\/fr\/blog\/miscellaneous\/","url":"https:\/\/www.startupoasis.co\/fr\/blog\/miscellaneous\/","name":"Divers - Startup Oasis Produit de valeur minimale","isPartOf":{"@id":"https:\/\/www.startupoasis.co\/#website"},"datePublished":"2020-10-06T09:05:19+00:00","dateModified":"2020-12-03T17:01:53+00:00","description":"Un recueil d'histoires con\u00e7u pour transmettre des informations pertinentes li\u00e9es \u00e0 la technologie et au d\u00e9veloppement de logiciels, un outil de partage des connaissances.","breadcrumb":{"@id":"https:\/\/www.startupoasis.co\/fr\/blog\/miscellaneous\/#breadcrumb"},"inLanguage":"fr-FR","potentialAction":[{"@type":"ReadAction","target":["https:\/\/www.startupoasis.co\/fr\/blog\/miscellaneous\/"]}]},{"@type":"BreadcrumbList","@id":"https:\/\/www.startupoasis.co\/fr\/blog\/miscellaneous\/#breadcrumb","itemListElement":[{"@type":"ListItem","position":1,"name":"Home","item":"https:\/\/www.startupoasis.co\/"},{"@type":"ListItem","position":2,"name":"Blog","item":"https:\/\/www.startupoasis.co\/blog\/"},{"@type":"ListItem","position":3,"name":"Miscellaneous"}]},{"@type":"WebSite","@id":"https:\/\/www.startupoasis.co\/#website","url":"https:\/\/www.startupoasis.co\/","name":"Startup Oasis","description":"Installations tout compris (maison et agence) pour les fondateurs de startups.","publisher":{"@id":"https:\/\/www.startupoasis.co\/#organization"},"potentialAction":[{"@type":"SearchAction","target":{"@type":"EntryPoint","urlTemplate":"https:\/\/www.startupoasis.co\/?s={search_term_string}"},"query-input":{"@type":"PropertyValueSpecification","valueRequired":true,"valueName":"search_term_string"}}],"inLanguage":"fr-FR"},{"@type":"Organization","@id":"https:\/\/www.startupoasis.co\/#organization","name":"Startup Oasis","url":"https:\/\/www.startupoasis.co\/","logo":{"@type":"ImageObject","inLanguage":"fr-FR","@id":"https:\/\/www.startupoasis.co\/#\/schema\/logo\/image\/","url":"https:\/\/www.startupoasis.co\/wp-content\/uploads\/2020\/12\/startupoasis-by-startechup.svg","contentUrl":"https:\/\/www.startupoasis.co\/wp-content\/uploads\/2020\/12\/startupoasis-by-startechup.svg","width":206,"height":51,"caption":"Startup Oasis"},"image":{"@id":"https:\/\/www.startupoasis.co\/#\/schema\/logo\/image\/"}}]}},"_links":{"self":[{"href":"https:\/\/www.startupoasis.co\/fr\/wp-json\/wp\/v2\/pages\/367","targetHints":{"allow":["GET"]}}],"collection":[{"href":"https:\/\/www.startupoasis.co\/fr\/wp-json\/wp\/v2\/pages"}],"about":[{"href":"https:\/\/www.startupoasis.co\/fr\/wp-json\/wp\/v2\/types\/page"}],"author":[{"embeddable":true,"href":"https:\/\/www.startupoasis.co\/fr\/wp-json\/wp\/v2\/users\/3"}],"replies":[{"embeddable":true,"href":"https:\/\/www.startupoasis.co\/fr\/wp-json\/wp\/v2\/comments?post=367"}],"version-history":[{"count":0,"href":"https:\/\/www.startupoasis.co\/fr\/wp-json\/wp\/v2\/pages\/367\/revisions"}],"up":[{"embeddable":true,"href":"https:\/\/www.startupoasis.co\/fr\/wp-json\/wp\/v2\/pages\/31"}],"wp:attachment":[{"href":"https:\/\/www.startupoasis.co\/fr\/wp-json\/wp\/v2\/media?parent=367"}],"curies":[{"name":"wp","href":"https:\/\/api.w.org\/{rel}","templated":true}]}}