{"id":407,"date":"2020-10-07T01:40:49","date_gmt":"2020-10-07T01:40:49","guid":{"rendered":"http:\/\/35.198.127.7\/?page_id=407"},"modified":"2020-12-03T16:57:32","modified_gmt":"2020-12-03T16:57:32","slug":"amazing-philippines","status":"publish","type":"page","link":"https:\/\/www.startupoasis.co\/fr\/amazing-philippines\/","title":{"rendered":"Les Philippines \u00e9tonnantes"},"content":{"rendered":"<div class=\"n2_clear\"><ss3-force-full-width data-overflow-x=\"body\" data-horizontal-selector=\"body\"><div class=\"n2-section-smartslider fitvidsignore  n2_clear\" data-ssid=\"10\" tabindex=\"0\" role=\"region\" aria-label=\"Slider\"><div id=\"n2-ss-10-align\" class=\"n2-ss-align\"><div class=\"n2-padding\"><div id=\"n2-ss-10\" data-creator=\"Smart Slider 3\" data-responsive=\"fullwidth\" class=\"n2-ss-slider n2-ow n2-has-hover n2notransition\">\n        <div class=\"n2-ss-slider-1 n2_ss__touch_element n2-ow\">\n            <div class=\"n2-ss-slider-2 n2-ow\">\n                                                <div class=\"n2-ss-slider-3 n2-ow\">\n\n                    <div class=\"n2-ss-slide-backgrounds n2-ow-all\"><div class=\"n2-ss-slide-background\" data-public-id=\"1\" data-mode=\"fill\"><div class=\"n2-ss-slide-background-image\" data-blur=\"0\" data-opacity=\"100\" data-x=\"50\" data-y=\"0\" data-alt=\"\" data-title=\"\" style=\"--ss-o-pos-y:0%\"><picture class=\"skip-lazy\" data-skip-lazy=\"1\"><img decoding=\"async\" src=\"\/\/www.startupoasis.co\/wp-content\/uploads\/2020\/10\/header-our-oasis.png\" alt=\"\" title=\"\" loading=\"lazy\" class=\"skip-lazy\" data-skip-lazy=\"1\"><\/picture><\/div><div data-color=\"RGBA(255,255,255,0)\" style=\"background-color: RGBA(255,255,255,0);\" class=\"n2-ss-slide-background-color\"><\/div><\/div><\/div>                    <div class=\"n2-ss-slider-4 n2-ow\">\n                        <svg xmlns=\"http:\/\/www.w3.org\/2000\/svg\" viewbox=\"0 0 1200 600\" data-related-device=\"desktopPortrait\" class=\"n2-ow n2-ss-preserve-size n2-ss-preserve-size--slider n2-ss-slide-limiter\"><\/svg><div data-first=\"1\" data-slide-duration=\"0\" data-id=\"25\" data-slide-public-id=\"1\" data-title=\"header - our oasis\" class=\"n2-ss-slide n2-ow  n2-ss-slide-25\"><div role=\"note\" class=\"n2-ss-slide--focus\" tabindex=\"-1\">en-t\u00eate - notre oasis<\/div><div class=\"n2-ss-layers-container n2-ss-slide-limiter n2-ow\"><div class=\"n2-ss-layer n2-ow n-uc-WH8sIHJOLSAe\" data-sstype=\"slide\" data-pm=\"default\"><div class=\"n2-ss-layer n2-ow n-uc-1a659e8e32200\" data-pm=\"default\" data-sstype=\"content\" data-hasbackground=\"0\"><div class=\"n2-ss-section-main-content n2-ss-layer-with-background n2-ss-layer-content n2-ow n-uc-1a659e8e32200-inner\"><div class=\"n2-ss-layer n2-ow n-uc-uUkDvygv4bnr\" data-pm=\"absolute\" data-responsiveposition=\"1\" data-desktopportraitleft=\"160\" data-tabletportraitleft=\"67\" data-mobileportraitleft=\"2\" data-desktopportraittop=\"19\" data-tabletportraittop=\"13\" data-mobileportraittop=\"26\" data-responsivesize=\"1\" data-desktopportraitwidth=\"566\" data-tabletportraitwidth=\"1031\" data-mobileportraitwidth=\"1129\" data-desktopportraitheight=\"auto\" data-tabletportraitheight=\"auto\" data-mobileportraitheight=\"auto\" data-desktopportraitalign=\"center\" data-tabletportraitalign=\"center\" data-mobileportraitalign=\"center\" data-desktopportraitvalign=\"middle\" data-tabletportraitvalign=\"middle\" data-mobileportraitvalign=\"middle\" data-parentid=\"\" data-desktopportraitparentalign=\"center\" data-desktopportraitparentvalign=\"middle\" data-sstype=\"layer\"><div id=\"n2-ss-10item1\" class=\"n2-font-a87edd6d3c068d97b39320b8de35fa2b-hover   n2-ss-item-content n2-ss-text n2-ow\" style=\"display:block;\">Les Philippines \u00e9tonnantes<\/div><\/div><\/div><\/div><\/div><\/div><\/div>                    <\/div>\n\n                                    <\/div>\n            <\/div>\n        <\/div>\n        <\/div><ss3-loader><\/ss3-loader><\/div><\/div><div class=\"n2_clear\"><\/div><\/div><\/ss3-force-full-width><\/div>\n\n\n<div class=\"wp-block-ugb-heading ugb-heading ugb-0ef8723 ugb-main-block\" id=\"\"><style>.ugb-0ef8723 .ugb-heading__title{font-size:24px !important;text-align:center}.ugb-0ef8723 .ugb-inner-block{text-align:center}<\/style><div class=\"ugb-inner-block\"><div class=\"ugb-block-content\"><h2 class=\"ugb-heading__title\">Explorez <span style=\"color:#47b59b\" class=\"has-inline-color\">CEBU<\/span><\/h2><\/div><\/div><\/div>\n\n\n\n<figure class=\"wp-block-embed-youtube wp-block-embed is-type-video is-provider-youtube wp-embed-aspect-16-9 wp-has-aspect-ratio\"><div class=\"wp-block-embed__wrapper\">\n<iframe title=\"Mer, d\u00e9marrage et soleil\" width=\"580\" height=\"326\" data-src=\"https:\/\/www.youtube.com\/embed\/9AnssU20GZA?feature=oembed\" frameborder=\"0\" allow=\"accelerometer; autoplay; clipboard-write; encrypted-media; gyroscope; picture-in-picture; web-share\" referrerpolicy=\"strict-origin-when-cross-origin\" allowfullscreen src=\"data:image\/svg+xml;base64,PHN2ZyB3aWR0aD0iMSIgaGVpZ2h0PSIxIiB4bWxucz0iaHR0cDovL3d3dy53My5vcmcvMjAwMC9zdmciPjwvc3ZnPg==\" class=\"lazyload\" data-load-mode=\"1\"><\/iframe>\n<\/div><\/figure>\n\n\n\n<figure class=\"wp-block-gallery columns-3 is-cropped wp-block-gallery-1 is-layout-flex wp-block-gallery-is-layout-flex\"><ul class=\"blocks-gallery-grid\"><li class=\"blocks-gallery-item\"><figure><img decoding=\"async\" width=\"311\" height=\"207\" src=\"https:\/\/www.startupoasis.cowp-content\/uploads\/2020\/10\/oasis_2.png\" alt=\"\" data-id=\"774\" data-full-url=\"https:\/\/www.startupoasis.cowp-content\/uploads\/2020\/10\/oasis_2.png\" data-link=\"https:\/\/www.startupoasis.cooasis_2\/\" class=\"wp-image-774\" srcset=\"https:\/\/www.startupoasis.co\/wp-content\/uploads\/2020\/10\/oasis_2.png 311w, https:\/\/www.startupoasis.co\/wp-content\/uploads\/2020\/10\/oasis_2-300x200.png 300w\" sizes=\"(max-width: 311px) 100vw, 311px\" \/><\/figure><\/li><li class=\"blocks-gallery-item\"><figure><img decoding=\"async\" width=\"327\" height=\"218\" src=\"https:\/\/www.startupoasis.cowp-content\/uploads\/2020\/10\/oasis_3.png\" alt=\"\" data-id=\"775\" data-full-url=\"https:\/\/www.startupoasis.cowp-content\/uploads\/2020\/10\/oasis_3.png\" data-link=\"https:\/\/www.startupoasis.cooasis_3\/\" class=\"wp-image-775\" srcset=\"https:\/\/www.startupoasis.co\/wp-content\/uploads\/2020\/10\/oasis_3.png 327w, https:\/\/www.startupoasis.co\/wp-content\/uploads\/2020\/10\/oasis_3-300x200.png 300w\" sizes=\"(max-width: 327px) 100vw, 327px\" \/><\/figure><\/li><li class=\"blocks-gallery-item\"><figure><img decoding=\"async\" width=\"1024\" height=\"577\" src=\"https:\/\/www.startupoasis.cowp-content\/uploads\/2020\/10\/oasis-1024x577.png\" alt=\"\" data-id=\"81\" data-full-url=\"https:\/\/www.startupoasis.cowp-content\/uploads\/2020\/10\/oasis.png\" data-link=\"https:\/\/www.startupoasis.cowho-we-are\/oasis\/\" class=\"wp-image-81\" srcset=\"https:\/\/www.startupoasis.co\/wp-content\/uploads\/2020\/10\/oasis-1024x577.png 1024w, https:\/\/www.startupoasis.co\/wp-content\/uploads\/2020\/10\/oasis-300x169.png 300w, https:\/\/www.startupoasis.co\/wp-content\/uploads\/2020\/10\/oasis-768x433.png 768w, https:\/\/www.startupoasis.co\/wp-content\/uploads\/2020\/10\/oasis.png 1080w\" sizes=\"(max-width: 1024px) 100vw, 1024px\" \/><\/figure><\/li><\/ul><\/figure>\n\n\n\n<figure class=\"wp-block-gallery columns-3 is-cropped wp-block-gallery-2 is-layout-flex wp-block-gallery-is-layout-flex\"><ul class=\"blocks-gallery-grid\"><li class=\"blocks-gallery-item\"><figure><img decoding=\"async\" width=\"311\" height=\"207\" src=\"https:\/\/www.startupoasis.cowp-content\/uploads\/2020\/10\/oasis_2.png\" alt=\"\" data-id=\"774\" data-full-url=\"https:\/\/www.startupoasis.cowp-content\/uploads\/2020\/10\/oasis_2.png\" data-link=\"https:\/\/www.startupoasis.cooasis_2\/\" class=\"wp-image-774\" srcset=\"https:\/\/www.startupoasis.co\/wp-content\/uploads\/2020\/10\/oasis_2.png 311w, https:\/\/www.startupoasis.co\/wp-content\/uploads\/2020\/10\/oasis_2-300x200.png 300w\" sizes=\"(max-width: 311px) 100vw, 311px\" \/><\/figure><\/li><li class=\"blocks-gallery-item\"><figure><img decoding=\"async\" width=\"327\" height=\"218\" src=\"https:\/\/www.startupoasis.cowp-content\/uploads\/2020\/10\/oasis_3.png\" alt=\"\" data-id=\"775\" data-full-url=\"https:\/\/www.startupoasis.cowp-content\/uploads\/2020\/10\/oasis_3.png\" data-link=\"https:\/\/www.startupoasis.cooasis_3\/\" class=\"wp-image-775\" srcset=\"https:\/\/www.startupoasis.co\/wp-content\/uploads\/2020\/10\/oasis_3.png 327w, https:\/\/www.startupoasis.co\/wp-content\/uploads\/2020\/10\/oasis_3-300x200.png 300w\" sizes=\"(max-width: 327px) 100vw, 327px\" \/><\/figure><\/li><li class=\"blocks-gallery-item\"><figure><img decoding=\"async\" width=\"1024\" height=\"577\" src=\"https:\/\/www.startupoasis.cowp-content\/uploads\/2020\/10\/oasis-1024x577.png\" alt=\"\" data-id=\"81\" data-full-url=\"https:\/\/www.startupoasis.cowp-content\/uploads\/2020\/10\/oasis.png\" data-link=\"https:\/\/www.startupoasis.cowho-we-are\/oasis\/\" class=\"wp-image-81\" srcset=\"https:\/\/www.startupoasis.co\/wp-content\/uploads\/2020\/10\/oasis-1024x577.png 1024w, https:\/\/www.startupoasis.co\/wp-content\/uploads\/2020\/10\/oasis-300x169.png 300w, https:\/\/www.startupoasis.co\/wp-content\/uploads\/2020\/10\/oasis-768x433.png 768w, https:\/\/www.startupoasis.co\/wp-content\/uploads\/2020\/10\/oasis.png 1080w\" sizes=\"(max-width: 1024px) 100vw, 1024px\" \/><\/figure><\/li><\/ul><\/figure>\n\n\n\n<figure class=\"wp-block-gallery columns-3 is-cropped wp-block-gallery-3 is-layout-flex wp-block-gallery-is-layout-flex\"><ul class=\"blocks-gallery-grid\"><li class=\"blocks-gallery-item\"><figure><img decoding=\"async\" width=\"311\" height=\"207\" src=\"https:\/\/www.startupoasis.cowp-content\/uploads\/2020\/10\/oasis_2.png\" alt=\"\" data-id=\"774\" data-full-url=\"https:\/\/www.startupoasis.cowp-content\/uploads\/2020\/10\/oasis_2.png\" data-link=\"https:\/\/www.startupoasis.cooasis_2\/\" class=\"wp-image-774\" srcset=\"https:\/\/www.startupoasis.co\/wp-content\/uploads\/2020\/10\/oasis_2.png 311w, https:\/\/www.startupoasis.co\/wp-content\/uploads\/2020\/10\/oasis_2-300x200.png 300w\" sizes=\"(max-width: 311px) 100vw, 311px\" \/><\/figure><\/li><li class=\"blocks-gallery-item\"><figure><img decoding=\"async\" width=\"327\" height=\"218\" src=\"https:\/\/www.startupoasis.cowp-content\/uploads\/2020\/10\/oasis_3.png\" alt=\"\" data-id=\"775\" data-full-url=\"https:\/\/www.startupoasis.cowp-content\/uploads\/2020\/10\/oasis_3.png\" data-link=\"https:\/\/www.startupoasis.cooasis_3\/\" class=\"wp-image-775\" srcset=\"https:\/\/www.startupoasis.co\/wp-content\/uploads\/2020\/10\/oasis_3.png 327w, https:\/\/www.startupoasis.co\/wp-content\/uploads\/2020\/10\/oasis_3-300x200.png 300w\" sizes=\"(max-width: 327px) 100vw, 327px\" \/><\/figure><\/li><li class=\"blocks-gallery-item\"><figure><img decoding=\"async\" width=\"1024\" height=\"577\" src=\"https:\/\/www.startupoasis.cowp-content\/uploads\/2020\/10\/oasis-1024x577.png\" alt=\"\" data-id=\"81\" data-full-url=\"https:\/\/www.startupoasis.cowp-content\/uploads\/2020\/10\/oasis.png\" data-link=\"https:\/\/www.startupoasis.cowho-we-are\/oasis\/\" class=\"wp-image-81\" srcset=\"https:\/\/www.startupoasis.co\/wp-content\/uploads\/2020\/10\/oasis-1024x577.png 1024w, https:\/\/www.startupoasis.co\/wp-content\/uploads\/2020\/10\/oasis-300x169.png 300w, https:\/\/www.startupoasis.co\/wp-content\/uploads\/2020\/10\/oasis-768x433.png 768w, https:\/\/www.startupoasis.co\/wp-content\/uploads\/2020\/10\/oasis.png 1080w\" sizes=\"(max-width: 1024px) 100vw, 1024px\" \/><\/figure><\/li><\/ul><\/figure>","protected":false},"excerpt":{"rendered":"","protected":false},"author":3,"featured_media":0,"parent":0,"menu_order":0,"comment_status":"closed","ping_status":"closed","template":"templates\/template-so.php","meta":{"_acf_changed":false,"footnotes":""},"class_list":["post-407","page","type-page","status-publish","hentry"],"acf":[],"yoast_head":"<!-- This site is optimized with the Yoast SEO plugin v27.4 - https:\/\/yoast.com\/product\/yoast-seo-wordpress\/ -->\n<title>Amazing Philippines - Startup Oasis Create your MVP<\/title>\n<meta name=\"description\" content=\"Discover the amazing philipines culture and create you minimum valuable product for your startup. MVP for webapp, iOS, Android\" \/>\n<meta name=\"robots\" content=\"index, follow, max-snippet:-1, max-image-preview:large, max-video-preview:-1\" \/>\n<link rel=\"canonical\" href=\"https:\/\/www.startupoasis.co\/fr\/amazing-philippines\/\" \/>\n<meta property=\"og:locale\" content=\"fr_FR\" \/>\n<meta property=\"og:type\" content=\"article\" \/>\n<meta property=\"og:title\" content=\"Amazing Philippines - Startup Oasis Create your MVP\" \/>\n<meta property=\"og:description\" content=\"Discover the amazing philipines culture and create you minimum valuable product for your startup. MVP for webapp, iOS, Android\" \/>\n<meta property=\"og:url\" content=\"https:\/\/www.startupoasis.co\/fr\/amazing-philippines\/\" \/>\n<meta property=\"og:site_name\" content=\"Startup Oasis\" \/>\n<meta property=\"article:modified_time\" content=\"2020-12-03T16:57:32+00:00\" \/>\n<meta property=\"og:image\" content=\"https:\/\/www.startupoasis.cowp-content\/uploads\/2020\/10\/oasis_2.png\" \/>\n<meta name=\"twitter:card\" content=\"summary_large_image\" \/>\n<script type=\"application\/ld+json\" class=\"yoast-schema-graph\">{\"@context\":\"https:\\\/\\\/schema.org\",\"@graph\":[{\"@type\":\"WebPage\",\"@id\":\"https:\\\/\\\/www.startupoasis.co\\\/amazing-philippines\\\/\",\"url\":\"https:\\\/\\\/www.startupoasis.co\\\/amazing-philippines\\\/\",\"name\":\"Amazing Philippines - Startup Oasis Create your MVP\",\"isPartOf\":{\"@id\":\"https:\\\/\\\/www.startupoasis.co\\\/#website\"},\"primaryImageOfPage\":{\"@id\":\"https:\\\/\\\/www.startupoasis.co\\\/amazing-philippines\\\/#primaryimage\"},\"image\":{\"@id\":\"https:\\\/\\\/www.startupoasis.co\\\/amazing-philippines\\\/#primaryimage\"},\"thumbnailUrl\":\"https:\\\/\\\/www.startupoasis.cowp-content\\\/uploads\\\/2020\\\/10\\\/oasis_2.png\",\"datePublished\":\"2020-10-07T01:40:49+00:00\",\"dateModified\":\"2020-12-03T16:57:32+00:00\",\"description\":\"Discover the amazing philipines culture and create you minimum valuable product for your startup. MVP for webapp, iOS, Android\",\"breadcrumb\":{\"@id\":\"https:\\\/\\\/www.startupoasis.co\\\/amazing-philippines\\\/#breadcrumb\"},\"inLanguage\":\"fr-FR\",\"potentialAction\":[{\"@type\":\"ReadAction\",\"target\":[\"https:\\\/\\\/www.startupoasis.co\\\/amazing-philippines\\\/\"]}]},{\"@type\":\"ImageObject\",\"inLanguage\":\"fr-FR\",\"@id\":\"https:\\\/\\\/www.startupoasis.co\\\/amazing-philippines\\\/#primaryimage\",\"url\":\"https:\\\/\\\/www.startupoasis.cowp-content\\\/uploads\\\/2020\\\/10\\\/oasis_2.png\",\"contentUrl\":\"https:\\\/\\\/www.startupoasis.cowp-content\\\/uploads\\\/2020\\\/10\\\/oasis_2.png\"},{\"@type\":\"BreadcrumbList\",\"@id\":\"https:\\\/\\\/www.startupoasis.co\\\/amazing-philippines\\\/#breadcrumb\",\"itemListElement\":[{\"@type\":\"ListItem\",\"position\":1,\"name\":\"Home\",\"item\":\"https:\\\/\\\/www.startupoasis.co\\\/\"},{\"@type\":\"ListItem\",\"position\":2,\"name\":\"Amazing Philippines\"}]},{\"@type\":\"WebSite\",\"@id\":\"https:\\\/\\\/www.startupoasis.co\\\/#website\",\"url\":\"https:\\\/\\\/www.startupoasis.co\\\/\",\"name\":\"Startup Oasis\",\"description\":\"All-inclusive facilities (House &amp; Agency) for startup founders\",\"publisher\":{\"@id\":\"https:\\\/\\\/www.startupoasis.co\\\/#organization\"},\"potentialAction\":[{\"@type\":\"SearchAction\",\"target\":{\"@type\":\"EntryPoint\",\"urlTemplate\":\"https:\\\/\\\/www.startupoasis.co\\\/?s={search_term_string}\"},\"query-input\":{\"@type\":\"PropertyValueSpecification\",\"valueRequired\":true,\"valueName\":\"search_term_string\"}}],\"inLanguage\":\"fr-FR\"},{\"@type\":\"Organization\",\"@id\":\"https:\\\/\\\/www.startupoasis.co\\\/#organization\",\"name\":\"Startup Oasis\",\"url\":\"https:\\\/\\\/www.startupoasis.co\\\/\",\"logo\":{\"@type\":\"ImageObject\",\"inLanguage\":\"fr-FR\",\"@id\":\"https:\\\/\\\/www.startupoasis.co\\\/#\\\/schema\\\/logo\\\/image\\\/\",\"url\":\"https:\\\/\\\/www.startupoasis.co\\\/wp-content\\\/uploads\\\/2020\\\/12\\\/startupoasis-by-startechup.svg\",\"contentUrl\":\"https:\\\/\\\/www.startupoasis.co\\\/wp-content\\\/uploads\\\/2020\\\/12\\\/startupoasis-by-startechup.svg\",\"width\":206,\"height\":51,\"caption\":\"Startup Oasis\"},\"image\":{\"@id\":\"https:\\\/\\\/www.startupoasis.co\\\/#\\\/schema\\\/logo\\\/image\\\/\"}}]}<\/script>\n<!-- \/ Yoast SEO plugin. -->","yoast_head_json":{"title":"Amazing Philippines - Startup Oasis Cr\u00e9ez votre MVP","description":"D\u00e9couvrez l'\u00e9tonnante culture philipine et cr\u00e9ez un produit de valeur minimale pour votre start-up. MVP pour webapp, iOS, Android","robots":{"index":"index","follow":"follow","max-snippet":"max-snippet:-1","max-image-preview":"max-image-preview:large","max-video-preview":"max-video-preview:-1"},"canonical":"https:\/\/www.startupoasis.co\/fr\/amazing-philippines\/","og_locale":"fr_FR","og_type":"article","og_title":"Amazing Philippines - Startup Oasis Create your MVP","og_description":"Discover the amazing philipines culture and create you minimum valuable product for your startup. MVP for webapp, iOS, Android","og_url":"https:\/\/www.startupoasis.co\/fr\/amazing-philippines\/","og_site_name":"Startup Oasis","article_modified_time":"2020-12-03T16:57:32+00:00","og_image":[{"url":"https:\/\/www.startupoasis.cowp-content\/uploads\/2020\/10\/oasis_2.png","type":"","width":"","height":""}],"twitter_card":"summary_large_image","schema":{"@context":"https:\/\/schema.org","@graph":[{"@type":"WebPage","@id":"https:\/\/www.startupoasis.co\/amazing-philippines\/","url":"https:\/\/www.startupoasis.co\/amazing-philippines\/","name":"Amazing Philippines - Startup Oasis Cr\u00e9ez votre MVP","isPartOf":{"@id":"https:\/\/www.startupoasis.co\/#website"},"primaryImageOfPage":{"@id":"https:\/\/www.startupoasis.co\/amazing-philippines\/#primaryimage"},"image":{"@id":"https:\/\/www.startupoasis.co\/amazing-philippines\/#primaryimage"},"thumbnailUrl":"https:\/\/www.startupoasis.cowp-content\/uploads\/2020\/10\/oasis_2.png","datePublished":"2020-10-07T01:40:49+00:00","dateModified":"2020-12-03T16:57:32+00:00","description":"D\u00e9couvrez l'\u00e9tonnante culture philipine et cr\u00e9ez un produit de valeur minimale pour votre start-up. MVP pour webapp, iOS, Android","breadcrumb":{"@id":"https:\/\/www.startupoasis.co\/amazing-philippines\/#breadcrumb"},"inLanguage":"fr-FR","potentialAction":[{"@type":"ReadAction","target":["https:\/\/www.startupoasis.co\/amazing-philippines\/"]}]},{"@type":"ImageObject","inLanguage":"fr-FR","@id":"https:\/\/www.startupoasis.co\/amazing-philippines\/#primaryimage","url":"https:\/\/www.startupoasis.cowp-content\/uploads\/2020\/10\/oasis_2.png","contentUrl":"https:\/\/www.startupoasis.cowp-content\/uploads\/2020\/10\/oasis_2.png"},{"@type":"BreadcrumbList","@id":"https:\/\/www.startupoasis.co\/amazing-philippines\/#breadcrumb","itemListElement":[{"@type":"ListItem","position":1,"name":"Home","item":"https:\/\/www.startupoasis.co\/"},{"@type":"ListItem","position":2,"name":"Amazing Philippines"}]},{"@type":"WebSite","@id":"https:\/\/www.startupoasis.co\/#website","url":"https:\/\/www.startupoasis.co\/","name":"Startup Oasis","description":"Installations tout compris (maison et agence) pour les fondateurs de startups.","publisher":{"@id":"https:\/\/www.startupoasis.co\/#organization"},"potentialAction":[{"@type":"SearchAction","target":{"@type":"EntryPoint","urlTemplate":"https:\/\/www.startupoasis.co\/?s={search_term_string}"},"query-input":{"@type":"PropertyValueSpecification","valueRequired":true,"valueName":"search_term_string"}}],"inLanguage":"fr-FR"},{"@type":"Organization","@id":"https:\/\/www.startupoasis.co\/#organization","name":"Startup Oasis","url":"https:\/\/www.startupoasis.co\/","logo":{"@type":"ImageObject","inLanguage":"fr-FR","@id":"https:\/\/www.startupoasis.co\/#\/schema\/logo\/image\/","url":"https:\/\/www.startupoasis.co\/wp-content\/uploads\/2020\/12\/startupoasis-by-startechup.svg","contentUrl":"https:\/\/www.startupoasis.co\/wp-content\/uploads\/2020\/12\/startupoasis-by-startechup.svg","width":206,"height":51,"caption":"Startup Oasis"},"image":{"@id":"https:\/\/www.startupoasis.co\/#\/schema\/logo\/image\/"}}]}},"_links":{"self":[{"href":"https:\/\/www.startupoasis.co\/fr\/wp-json\/wp\/v2\/pages\/407","targetHints":{"allow":["GET"]}}],"collection":[{"href":"https:\/\/www.startupoasis.co\/fr\/wp-json\/wp\/v2\/pages"}],"about":[{"href":"https:\/\/www.startupoasis.co\/fr\/wp-json\/wp\/v2\/types\/page"}],"author":[{"embeddable":true,"href":"https:\/\/www.startupoasis.co\/fr\/wp-json\/wp\/v2\/users\/3"}],"replies":[{"embeddable":true,"href":"https:\/\/www.startupoasis.co\/fr\/wp-json\/wp\/v2\/comments?post=407"}],"version-history":[{"count":0,"href":"https:\/\/www.startupoasis.co\/fr\/wp-json\/wp\/v2\/pages\/407\/revisions"}],"wp:attachment":[{"href":"https:\/\/www.startupoasis.co\/fr\/wp-json\/wp\/v2\/media?parent=407"}],"curies":[{"name":"wp","href":"https:\/\/api.w.org\/{rel}","templated":true}]}}